{"id":9991,"date":"2026-01-28T10:50:27","date_gmt":"2026-01-28T02:50:27","guid":{"rendered":"https:\/\/www.lasetatights.com\/?post_type=product&#038;p=9991"},"modified":"2026-02-03T15:59:05","modified_gmt":"2026-02-03T07:59:05","slug":"36243-30d-zebra-print-jacquard-tights","status":"publish","type":"product","link":"https:\/\/www.lasetatights.com\/tr\/product\/36243-30d-zebra-print-jacquard-tights\/","title":{"rendered":"36243- 30D Zebra bask\u0131l\u0131 jakar \u00e7oraplar"},"content":{"rendered":"","protected":false},"excerpt":{"rendered":"<p>Klasik zebra \u00e7izgileri vah\u015fi, evcille\u015ftirilmemi\u015f bir stil duygusu yaymaktad\u0131r - \u00e7ok y\u00f6nl\u00fc ancak g\u00f6rsel olarak \u00e7arp\u0131c\u0131. D\u00fcz kat\u0131 renkli \u00e7oraplar\u0131 parlat\u0131rlar ve renkli desenlerden daha sofistike hissederler. Moda ve trendleri takip edenler i\u00e7in bu m\u00fckemmel ve keyifli bir \u015fa\u015f\u0131rt\u0131c\u0131 hediye haline gelir.<\/p>","protected":false},"featured_media":9992,"comment_status":"open","ping_status":"closed","template":"","meta":[],"product_brand":[],"product_cat":[15,40],"product_tag":[],"class_list":{"0":"post-9991","1":"product","2":"type-product","3":"status-publish","4":"has-post-thumbnail","6":"product_cat-pantyhose","7":"product_cat-patterned-tights","9":"first","10":"instock","11":"shipping-taxable","12":"purchasable","13":"product-type-variable"},"_links":{"self":[{"href":"https:\/\/www.lasetatights.com\/tr\/wp-json\/wp\/v2\/product\/9991","targetHints":{"allow":["GET"]}}],"collection":[{"href":"https:\/\/www.lasetatights.com\/tr\/wp-json\/wp\/v2\/product"}],"about":[{"href":"https:\/\/www.lasetatights.com\/tr\/wp-json\/wp\/v2\/types\/product"}],"replies":[{"embeddable":true,"href":"https:\/\/www.lasetatights.com\/tr\/wp-json\/wp\/v2\/comments?post=9991"}],"wp:featuredmedia":[{"embeddable":true,"href":"https:\/\/www.lasetatights.com\/tr\/wp-json\/wp\/v2\/media\/9992"}],"wp:attachment":[{"href":"https:\/\/www.lasetatights.com\/tr\/wp-json\/wp\/v2\/media?parent=9991"}],"wp:term":[{"taxonomy":"product_brand","embeddable":true,"href":"https:\/\/www.lasetatights.com\/tr\/wp-json\/wp\/v2\/product_brand?post=9991"},{"taxonomy":"product_cat","embeddable":true,"href":"https:\/\/www.lasetatights.com\/tr\/wp-json\/wp\/v2\/product_cat?post=9991"},{"taxonomy":"product_tag","embeddable":true,"href":"https:\/\/www.lasetatights.com\/tr\/wp-json\/wp\/v2\/product_tag?post=9991"}],"curies":[{"name":"wp","href":"https:\/\/api.w.org\/{rel}","templated":true}]}}