{"id":9979,"date":"2026-01-28T10:49:14","date_gmt":"2026-01-28T02:49:14","guid":{"rendered":"https:\/\/www.lasetatights.com\/?post_type=product&#038;p=9979"},"modified":"2026-01-28T11:56:20","modified_gmt":"2026-01-28T03:56:20","slug":"916006-15d-micro-pressure-control-top-tights","status":"publish","type":"product","link":"https:\/\/www.lasetatights.com\/tr\/product\/916006-15d-micro-pressure-control-top-tights\/","title":{"rendered":"916006-15D Mikro Bas\u0131n\u00e7 Kontrol \u00dcst \u00c7oraplar"},"content":{"rendered":"","protected":false},"excerpt":{"rendered":"<p>15D Mikro S\u0131k\u0131\u015ft\u0131rma Kar\u0131n Kontrol \u00c7oraplar\u0131, \"ultra zor hissetmek\" ve \"\u00f6nemli bir \u015fekillendirme\" aras\u0131nda de\u011ferli bir denge sa\u011flayan, tam olarak konumlanm\u0131\u015f bir \"hafif \u015fekillendirme fonksiyonel temeldir.\" Ofis profesyonelleri, do\u011fum sonras\u0131 anneler ve giyindi\u011finde \"zay\u0131flama etkisi\" arayan t\u00fcm kad\u0131nlar i\u00e7in ideal.<\/p>","protected":false},"featured_media":9980,"comment_status":"open","ping_status":"closed","template":"","meta":[],"product_brand":[],"product_cat":[15,30],"product_tag":[],"class_list":{"0":"post-9979","1":"product","2":"type-product","3":"status-publish","4":"has-post-thumbnail","6":"product_cat-pantyhose","7":"product_cat-5-20denier-pantyhose","9":"first","10":"instock","11":"shipping-taxable","12":"purchasable","13":"product-type-variable"},"_links":{"self":[{"href":"https:\/\/www.lasetatights.com\/tr\/wp-json\/wp\/v2\/product\/9979","targetHints":{"allow":["GET"]}}],"collection":[{"href":"https:\/\/www.lasetatights.com\/tr\/wp-json\/wp\/v2\/product"}],"about":[{"href":"https:\/\/www.lasetatights.com\/tr\/wp-json\/wp\/v2\/types\/product"}],"replies":[{"embeddable":true,"href":"https:\/\/www.lasetatights.com\/tr\/wp-json\/wp\/v2\/comments?post=9979"}],"wp:featuredmedia":[{"embeddable":true,"href":"https:\/\/www.lasetatights.com\/tr\/wp-json\/wp\/v2\/media\/9980"}],"wp:attachment":[{"href":"https:\/\/www.lasetatights.com\/tr\/wp-json\/wp\/v2\/media?parent=9979"}],"wp:term":[{"taxonomy":"product_brand","embeddable":true,"href":"https:\/\/www.lasetatights.com\/tr\/wp-json\/wp\/v2\/product_brand?post=9979"},{"taxonomy":"product_cat","embeddable":true,"href":"https:\/\/www.lasetatights.com\/tr\/wp-json\/wp\/v2\/product_cat?post=9979"},{"taxonomy":"product_tag","embeddable":true,"href":"https:\/\/www.lasetatights.com\/tr\/wp-json\/wp\/v2\/product_tag?post=9979"}],"curies":[{"name":"wp","href":"https:\/\/api.w.org\/{rel}","templated":true}]}}