{"id":9965,"date":"2026-01-28T10:36:35","date_gmt":"2026-01-28T02:36:35","guid":{"rendered":"https:\/\/www.lasetatights.com\/?post_type=product&#038;p=9965"},"modified":"2026-01-29T09:31:17","modified_gmt":"2026-01-29T01:31:17","slug":"36282-20d-sexy-t-crotch-v-shape-faux-mid-calf-design-pantyhose","status":"publish","type":"product","link":"https:\/\/www.lasetatights.com\/tr\/product\/36282-20d-sexy-t-crotch-v-shape-faux-mid-calf-design-pantyhose\/","title":{"rendered":"36282-20D Seksi T-Crotch V \u015fekli sahte orta buza\u011f\u0131 tasar\u0131m\u0131 \u00e7orap"},"content":{"rendered":"","protected":false},"excerpt":{"rendered":"<p>Y\u00fcksek yo\u011funluklu \u00e7ekirdek iplikten yap\u0131lm\u0131\u015f bu \u00e7orap, \u00fc\u00e7 boyutlu bir jakar desenine sahipken m\u00fckemmel bir s\u0131k\u0131nt\u0131 direncine sahiptir. G\u00fc\u00e7lendirilmi\u015f \u00fc\u00e7gen ara\u00e7 alan\u0131 dayan\u0131kl\u0131l\u0131\u011f\u0131 art\u0131r\u0131r ve etekler veya pantolonlarla e\u015fle\u015ftirilebilir, g\u00fcnl\u00fck seyahatler, tarihler veya toplant\u0131lar i\u00e7in benzersiz bir tarz elde etmenize yard\u0131mc\u0131 olur.<\/p>","protected":false},"featured_media":9970,"comment_status":"open","ping_status":"closed","template":"","meta":[],"product_brand":[],"product_cat":[15,30],"product_tag":[],"class_list":{"0":"post-9965","1":"product","2":"type-product","3":"status-publish","4":"has-post-thumbnail","6":"product_cat-pantyhose","7":"product_cat-5-20denier-pantyhose","9":"first","10":"instock","11":"shipping-taxable","12":"purchasable","13":"product-type-variable"},"_links":{"self":[{"href":"https:\/\/www.lasetatights.com\/tr\/wp-json\/wp\/v2\/product\/9965","targetHints":{"allow":["GET"]}}],"collection":[{"href":"https:\/\/www.lasetatights.com\/tr\/wp-json\/wp\/v2\/product"}],"about":[{"href":"https:\/\/www.lasetatights.com\/tr\/wp-json\/wp\/v2\/types\/product"}],"replies":[{"embeddable":true,"href":"https:\/\/www.lasetatights.com\/tr\/wp-json\/wp\/v2\/comments?post=9965"}],"wp:featuredmedia":[{"embeddable":true,"href":"https:\/\/www.lasetatights.com\/tr\/wp-json\/wp\/v2\/media\/9970"}],"wp:attachment":[{"href":"https:\/\/www.lasetatights.com\/tr\/wp-json\/wp\/v2\/media?parent=9965"}],"wp:term":[{"taxonomy":"product_brand","embeddable":true,"href":"https:\/\/www.lasetatights.com\/tr\/wp-json\/wp\/v2\/product_brand?post=9965"},{"taxonomy":"product_cat","embeddable":true,"href":"https:\/\/www.lasetatights.com\/tr\/wp-json\/wp\/v2\/product_cat?post=9965"},{"taxonomy":"product_tag","embeddable":true,"href":"https:\/\/www.lasetatights.com\/tr\/wp-json\/wp\/v2\/product_tag?post=9965"}],"curies":[{"name":"wp","href":"https:\/\/api.w.org\/{rel}","templated":true}]}}