{"id":9947,"date":"2026-01-28T10:24:57","date_gmt":"2026-01-28T02:24:57","guid":{"rendered":"https:\/\/www.lasetatights.com\/?post_type=product&#038;p=9947"},"modified":"2026-01-28T10:24:57","modified_gmt":"2026-01-28T02:24:57","slug":"36281-20d-back-seam-jacquard-pantyhose","status":"publish","type":"product","link":"https:\/\/www.lasetatights.com\/tr\/product\/36281-20d-back-seam-jacquard-pantyhose\/","title":{"rendered":"36281-20D Arka Diki\u015fli Jakard Kolot"},"content":{"rendered":"","protected":false},"excerpt":{"rendered":"<p>Arka diki\u015f tasar\u0131m\u0131, bacaklar\u0131 dikey olarak uzat\u0131r ve an\u0131nda \u201ckarikat\u00fcr benzeri bacaklar\u201d yan\u0131lsamas\u0131n\u0131 yarat\u0131r. Elastik bel bant\u0131, uzun a\u015f\u0131nmadan sonra bile, k\u0131s\u0131tlay\u0131c\u0131 hissetmeden fig\u00fcr\u00fcn\u00fcz\u00fc rahatl\u0131kla kucaklar. Y\u00fcksek bir g\u00fcnl\u00fck g\u00f6r\u00fcn\u00fcm i\u00e7in etek veya \u015fort ile kolayca e\u015fle\u015ftirin.<\/p>","protected":false},"featured_media":9949,"comment_status":"open","ping_status":"closed","template":"","meta":[],"product_brand":[],"product_cat":[15,30],"product_tag":[],"class_list":{"0":"post-9947","1":"product","2":"type-product","3":"status-publish","4":"has-post-thumbnail","6":"product_cat-pantyhose","7":"product_cat-5-20denier-pantyhose","9":"first","10":"instock","11":"shipping-taxable","12":"purchasable","13":"product-type-variable"},"_links":{"self":[{"href":"https:\/\/www.lasetatights.com\/tr\/wp-json\/wp\/v2\/product\/9947","targetHints":{"allow":["GET"]}}],"collection":[{"href":"https:\/\/www.lasetatights.com\/tr\/wp-json\/wp\/v2\/product"}],"about":[{"href":"https:\/\/www.lasetatights.com\/tr\/wp-json\/wp\/v2\/types\/product"}],"replies":[{"embeddable":true,"href":"https:\/\/www.lasetatights.com\/tr\/wp-json\/wp\/v2\/comments?post=9947"}],"wp:featuredmedia":[{"embeddable":true,"href":"https:\/\/www.lasetatights.com\/tr\/wp-json\/wp\/v2\/media\/9949"}],"wp:attachment":[{"href":"https:\/\/www.lasetatights.com\/tr\/wp-json\/wp\/v2\/media?parent=9947"}],"wp:term":[{"taxonomy":"product_brand","embeddable":true,"href":"https:\/\/www.lasetatights.com\/tr\/wp-json\/wp\/v2\/product_brand?post=9947"},{"taxonomy":"product_cat","embeddable":true,"href":"https:\/\/www.lasetatights.com\/tr\/wp-json\/wp\/v2\/product_cat?post=9947"},{"taxonomy":"product_tag","embeddable":true,"href":"https:\/\/www.lasetatights.com\/tr\/wp-json\/wp\/v2\/product_tag?post=9947"}],"curies":[{"name":"wp","href":"https:\/\/api.w.org\/{rel}","templated":true}]}}