{"id":9946,"date":"2026-01-28T10:30:05","date_gmt":"2026-01-28T02:30:05","guid":{"rendered":"https:\/\/www.lasetatights.com\/?post_type=product&#038;p=9946"},"modified":"2026-04-17T14:21:43","modified_gmt":"2026-04-17T06:21:43","slug":"36212-30d-leopard-print-jacquard-tights","status":"publish","type":"product","link":"https:\/\/www.lasetatights.com\/tr\/product\/36212-30d-leopard-print-jacquard-tights\/","title":{"rendered":"36212- 30D Leopard bask\u0131l\u0131 jakar \u00e7oraplar"},"content":{"rendered":"","protected":false},"excerpt":{"rendered":"<p>Leopard bask\u0131s\u0131, duygusal\u0131k ve vah\u015fili\u011fin zamans\u0131z bir sembol\u00fcd\u00fcr, tarz ve moda ileri d\u00fczeyde bir zevk sa\u011fl\u0131yor. T\u00fcm bir k\u0131yafetin tonunu \u201cseksi\u201d, \u201cedgy\u201d ve \u201cretro\u201d vibrasyonlar\u0131yla belirler, m\u00fczik festivalleri, gece kul\u00fcpleri, sahne performanslar\u0131 ve benzer durumlar i\u00e7in m\u00fckemmel hale getirir.<\/p>","protected":false},"featured_media":9948,"comment_status":"open","ping_status":"closed","template":"","meta":[],"product_brand":[],"product_cat":[15,28,40],"product_tag":[],"class_list":{"0":"post-9946","1":"product","2":"type-product","3":"status-publish","4":"has-post-thumbnail","6":"product_cat-pantyhose","7":"product_cat-holiday-theme","8":"product_cat-patterned-tights","10":"first","11":"instock","12":"shipping-taxable","13":"purchasable","14":"product-type-variable"},"_links":{"self":[{"href":"https:\/\/www.lasetatights.com\/tr\/wp-json\/wp\/v2\/product\/9946","targetHints":{"allow":["GET"]}}],"collection":[{"href":"https:\/\/www.lasetatights.com\/tr\/wp-json\/wp\/v2\/product"}],"about":[{"href":"https:\/\/www.lasetatights.com\/tr\/wp-json\/wp\/v2\/types\/product"}],"replies":[{"embeddable":true,"href":"https:\/\/www.lasetatights.com\/tr\/wp-json\/wp\/v2\/comments?post=9946"}],"wp:featuredmedia":[{"embeddable":true,"href":"https:\/\/www.lasetatights.com\/tr\/wp-json\/wp\/v2\/media\/9948"}],"wp:attachment":[{"href":"https:\/\/www.lasetatights.com\/tr\/wp-json\/wp\/v2\/media?parent=9946"}],"wp:term":[{"taxonomy":"product_brand","embeddable":true,"href":"https:\/\/www.lasetatights.com\/tr\/wp-json\/wp\/v2\/product_brand?post=9946"},{"taxonomy":"product_cat","embeddable":true,"href":"https:\/\/www.lasetatights.com\/tr\/wp-json\/wp\/v2\/product_cat?post=9946"},{"taxonomy":"product_tag","embeddable":true,"href":"https:\/\/www.lasetatights.com\/tr\/wp-json\/wp\/v2\/product_tag?post=9946"}],"curies":[{"name":"wp","href":"https:\/\/api.w.org\/{rel}","templated":true}]}}