{"id":9920,"date":"2026-01-28T10:14:14","date_gmt":"2026-01-28T02:14:14","guid":{"rendered":"https:\/\/www.lasetatights.com\/?post_type=product&#038;p=9920"},"modified":"2026-01-29T09:36:02","modified_gmt":"2026-01-29T01:36:02","slug":"36028-20d-back-seam-jacquard-tights","status":"publish","type":"product","link":"https:\/\/www.lasetatights.com\/tr\/product\/36028-20d-back-seam-jacquard-tights\/","title":{"rendered":"36028-20D Arka Diki\u015f Jakard Kolot"},"content":{"rendered":"","protected":false},"excerpt":{"rendered":"<p>20 denier tarz\u0131 hafifdir ve do\u011fal \u00e7\u0131plak bacakl\u0131 bir g\u00f6r\u00fcn\u00fcm sunar. Dikey arka diki\u015f tasar\u0131m\u0131 g\u00f6rsel olarak zay\u0131flama ve seksi bir siluet olu\u015fturur. \u00c7ekirdekli ipkek kuma\u015f\u0131ndan yap\u0131lm\u0131\u015f, ipek, cilt dostu ve k\u0131s\u0131tlay\u0131c\u0131 olmayan, uzun s\u00fcreli a\u015f\u0131nma ile bile nemden uzakla\u015fmaktad\u0131r - seyahat ve tarihler gibi t\u00fcm g\u00fcn olaylar\u0131 i\u00e7in m\u00fckemmeldir.<\/p>","protected":false},"featured_media":9922,"comment_status":"open","ping_status":"closed","template":"","meta":[],"product_brand":[],"product_cat":[15,30],"product_tag":[],"class_list":{"0":"post-9920","1":"product","2":"type-product","3":"status-publish","4":"has-post-thumbnail","6":"product_cat-pantyhose","7":"product_cat-5-20denier-pantyhose","9":"first","10":"instock","11":"shipping-taxable","12":"purchasable","13":"product-type-variable"},"_links":{"self":[{"href":"https:\/\/www.lasetatights.com\/tr\/wp-json\/wp\/v2\/product\/9920","targetHints":{"allow":["GET"]}}],"collection":[{"href":"https:\/\/www.lasetatights.com\/tr\/wp-json\/wp\/v2\/product"}],"about":[{"href":"https:\/\/www.lasetatights.com\/tr\/wp-json\/wp\/v2\/types\/product"}],"replies":[{"embeddable":true,"href":"https:\/\/www.lasetatights.com\/tr\/wp-json\/wp\/v2\/comments?post=9920"}],"wp:featuredmedia":[{"embeddable":true,"href":"https:\/\/www.lasetatights.com\/tr\/wp-json\/wp\/v2\/media\/9922"}],"wp:attachment":[{"href":"https:\/\/www.lasetatights.com\/tr\/wp-json\/wp\/v2\/media?parent=9920"}],"wp:term":[{"taxonomy":"product_brand","embeddable":true,"href":"https:\/\/www.lasetatights.com\/tr\/wp-json\/wp\/v2\/product_brand?post=9920"},{"taxonomy":"product_cat","embeddable":true,"href":"https:\/\/www.lasetatights.com\/tr\/wp-json\/wp\/v2\/product_cat?post=9920"},{"taxonomy":"product_tag","embeddable":true,"href":"https:\/\/www.lasetatights.com\/tr\/wp-json\/wp\/v2\/product_tag?post=9920"}],"curies":[{"name":"wp","href":"https:\/\/api.w.org\/{rel}","templated":true}]}}