{"id":9913,"date":"2026-01-28T10:07:54","date_gmt":"2026-01-28T02:07:54","guid":{"rendered":"https:\/\/www.lasetatights.com\/?post_type=product&#038;p=9913"},"modified":"2026-01-28T10:07:55","modified_gmt":"2026-01-28T02:07:55","slug":"16539-10d-ultra-thin-toeless-pantyhose","status":"publish","type":"product","link":"https:\/\/www.lasetatights.com\/tr\/product\/16539-10d-ultra-thin-toeless-pantyhose\/","title":{"rendered":"16539-10D Ultra \u0130nce Ayak Parmakl\u0131 \u00c7orot"},"content":{"rendered":"","protected":false},"excerpt":{"rendered":"<p>10D \u00e7ekirdekli iplik g\u00f6z parmak \u00e7oraplar\u0131, yenilik\u00e7i ayak tasar\u0131m\u0131 ve ultra ince \u00e7ekirdekli iplik zanaat\u0131 sayesinde sandaletlerle e\u015fle\u015ftirildi\u011finde geleneksel \u00e7oraplar\u0131n utanc\u0131n\u0131 m\u00fckemmel bir \u015fekilde ortadan kald\u0131r\u0131r, g\u00f6r\u00fcnmez \u015fekillendirme ve moda \u00f6zg\u00fcrl\u00fc\u011f\u00fc aras\u0131nda ak\u0131ll\u0131 bir denge elde eder.<\/p>","protected":false},"featured_media":9939,"comment_status":"open","ping_status":"closed","template":"","meta":[],"product_brand":[],"product_cat":[15,48],"product_tag":[],"class_list":{"0":"post-9913","1":"product","2":"type-product","3":"status-publish","4":"has-post-thumbnail","6":"product_cat-pantyhose","7":"product_cat-toeless-tights","9":"first","10":"instock","11":"shipping-taxable","12":"purchasable","13":"product-type-variable"},"_links":{"self":[{"href":"https:\/\/www.lasetatights.com\/tr\/wp-json\/wp\/v2\/product\/9913","targetHints":{"allow":["GET"]}}],"collection":[{"href":"https:\/\/www.lasetatights.com\/tr\/wp-json\/wp\/v2\/product"}],"about":[{"href":"https:\/\/www.lasetatights.com\/tr\/wp-json\/wp\/v2\/types\/product"}],"replies":[{"embeddable":true,"href":"https:\/\/www.lasetatights.com\/tr\/wp-json\/wp\/v2\/comments?post=9913"}],"wp:featuredmedia":[{"embeddable":true,"href":"https:\/\/www.lasetatights.com\/tr\/wp-json\/wp\/v2\/media\/9939"}],"wp:attachment":[{"href":"https:\/\/www.lasetatights.com\/tr\/wp-json\/wp\/v2\/media?parent=9913"}],"wp:term":[{"taxonomy":"product_brand","embeddable":true,"href":"https:\/\/www.lasetatights.com\/tr\/wp-json\/wp\/v2\/product_brand?post=9913"},{"taxonomy":"product_cat","embeddable":true,"href":"https:\/\/www.lasetatights.com\/tr\/wp-json\/wp\/v2\/product_cat?post=9913"},{"taxonomy":"product_tag","embeddable":true,"href":"https:\/\/www.lasetatights.com\/tr\/wp-json\/wp\/v2\/product_tag?post=9913"}],"curies":[{"name":"wp","href":"https:\/\/api.w.org\/{rel}","templated":true}]}}