{"id":9909,"date":"2026-01-28T10:15:31","date_gmt":"2026-01-28T02:15:31","guid":{"rendered":"https:\/\/www.lasetatights.com\/?post_type=product&#038;p=9909"},"modified":"2026-01-29T09:36:51","modified_gmt":"2026-01-29T01:36:51","slug":"36108-20d-polka-dot-bow-back-seam-diamond-jacquard-patterned-tights","status":"publish","type":"product","link":"https:\/\/www.lasetatights.com\/tr\/product\/36108-20d-polka-dot-bow-back-seam-diamond-jacquard-patterned-tights\/","title":{"rendered":"36108- 20D Polka Dot Bow Arka Diki\u015f Elmas Jakar Desenli Kolot"},"content":{"rendered":"","protected":false},"excerpt":{"rendered":"<p>Bu tatl\u0131l\u0131k, sofistikasyon ve parlakl\u0131\u011f\u0131 a\u015f\u0131r\u0131 dereceye \u00e7\u0131karan bir ifade par\u00e7as\u0131d\u0131r.  It&#8217; G\u00fcnl\u00fck giymek i\u00e7in de\u011fil, \u00f6zel \u00f6nemli anlarda - do\u011fum g\u00fcn\u00fc partileri, temal\u0131 ballar, m\u00fczik festivalleri ve benzeri zamanlarda mutlak dikkat merkezi olmak i\u00e7in tasarlanm\u0131\u015ft\u0131r.<\/p>","protected":false},"featured_media":9912,"comment_status":"open","ping_status":"closed","template":"","meta":[],"product_brand":[],"product_cat":[15,40],"product_tag":[],"class_list":{"0":"post-9909","1":"product","2":"type-product","3":"status-publish","4":"has-post-thumbnail","6":"product_cat-pantyhose","7":"product_cat-patterned-tights","9":"first","10":"instock","11":"shipping-taxable","12":"purchasable","13":"product-type-variable"},"_links":{"self":[{"href":"https:\/\/www.lasetatights.com\/tr\/wp-json\/wp\/v2\/product\/9909","targetHints":{"allow":["GET"]}}],"collection":[{"href":"https:\/\/www.lasetatights.com\/tr\/wp-json\/wp\/v2\/product"}],"about":[{"href":"https:\/\/www.lasetatights.com\/tr\/wp-json\/wp\/v2\/types\/product"}],"replies":[{"embeddable":true,"href":"https:\/\/www.lasetatights.com\/tr\/wp-json\/wp\/v2\/comments?post=9909"}],"wp:featuredmedia":[{"embeddable":true,"href":"https:\/\/www.lasetatights.com\/tr\/wp-json\/wp\/v2\/media\/9912"}],"wp:attachment":[{"href":"https:\/\/www.lasetatights.com\/tr\/wp-json\/wp\/v2\/media?parent=9909"}],"wp:term":[{"taxonomy":"product_brand","embeddable":true,"href":"https:\/\/www.lasetatights.com\/tr\/wp-json\/wp\/v2\/product_brand?post=9909"},{"taxonomy":"product_cat","embeddable":true,"href":"https:\/\/www.lasetatights.com\/tr\/wp-json\/wp\/v2\/product_cat?post=9909"},{"taxonomy":"product_tag","embeddable":true,"href":"https:\/\/www.lasetatights.com\/tr\/wp-json\/wp\/v2\/product_tag?post=9909"}],"curies":[{"name":"wp","href":"https:\/\/api.w.org\/{rel}","templated":true}]}}