{"id":9875,"date":"2026-01-28T09:55:24","date_gmt":"2026-01-28T01:55:24","guid":{"rendered":"https:\/\/www.lasetatights.com\/?post_type=product&#038;p=9875"},"modified":"2026-01-28T14:38:56","modified_gmt":"2026-01-28T06:38:56","slug":"16690-20-denier-control-top-tights","status":"publish","type":"product","link":"https:\/\/www.lasetatights.com\/tr\/product\/16690-20-denier-control-top-tights\/","title":{"rendered":"16690-20 Denier Kontrol \u00fcst\u00fc \u00e7oraplar"},"content":{"rendered":"","protected":false},"excerpt":{"rendered":"<p>Ultra hafif ve cilt dostu 20 denier kuma\u015f, \u015feklini tan\u0131mlamak i\u00e7in karn\u0131n\u0131z\u0131 inceler, k\u0131tlar\u0131 kald\u0131r\u0131r ve s\u0131k\u0131\u015ft\u0131r\u0131r. Bahar ve sonbaharda g\u00fcnl\u00fck giymek i\u00e7in m\u00fckemmel, t\u0131kanma veya ter neden olmadan ve etek veya pantolonla kolayca e\u015fle\u015fir.<\/p>","protected":false},"featured_media":9881,"comment_status":"open","ping_status":"closed","template":"","meta":[],"product_brand":[],"product_cat":[15,30],"product_tag":[],"class_list":{"0":"post-9875","1":"product","2":"type-product","3":"status-publish","4":"has-post-thumbnail","6":"product_cat-pantyhose","7":"product_cat-5-20denier-pantyhose","9":"first","10":"instock","11":"shipping-taxable","12":"purchasable","13":"product-type-variable"},"_links":{"self":[{"href":"https:\/\/www.lasetatights.com\/tr\/wp-json\/wp\/v2\/product\/9875","targetHints":{"allow":["GET"]}}],"collection":[{"href":"https:\/\/www.lasetatights.com\/tr\/wp-json\/wp\/v2\/product"}],"about":[{"href":"https:\/\/www.lasetatights.com\/tr\/wp-json\/wp\/v2\/types\/product"}],"replies":[{"embeddable":true,"href":"https:\/\/www.lasetatights.com\/tr\/wp-json\/wp\/v2\/comments?post=9875"}],"wp:featuredmedia":[{"embeddable":true,"href":"https:\/\/www.lasetatights.com\/tr\/wp-json\/wp\/v2\/media\/9881"}],"wp:attachment":[{"href":"https:\/\/www.lasetatights.com\/tr\/wp-json\/wp\/v2\/media?parent=9875"}],"wp:term":[{"taxonomy":"product_brand","embeddable":true,"href":"https:\/\/www.lasetatights.com\/tr\/wp-json\/wp\/v2\/product_brand?post=9875"},{"taxonomy":"product_cat","embeddable":true,"href":"https:\/\/www.lasetatights.com\/tr\/wp-json\/wp\/v2\/product_cat?post=9875"},{"taxonomy":"product_tag","embeddable":true,"href":"https:\/\/www.lasetatights.com\/tr\/wp-json\/wp\/v2\/product_tag?post=9875"}],"curies":[{"name":"wp","href":"https:\/\/api.w.org\/{rel}","templated":true}]}}