{"id":9870,"date":"2026-01-28T09:53:35","date_gmt":"2026-01-28T01:53:35","guid":{"rendered":"https:\/\/www.lasetatights.com\/?post_type=product&#038;p=9870"},"modified":"2026-01-28T09:57:47","modified_gmt":"2026-01-28T01:57:47","slug":"26108-80d-micro-pressure-control-top-tights","status":"publish","type":"product","link":"https:\/\/www.lasetatights.com\/tr\/product\/26108-80d-micro-pressure-control-top-tights\/","title":{"rendered":"26108-80D Mikro Bas\u0131n\u00e7 Kontrol \u00dcst \u00c7oraplar"},"content":{"rendered":"","protected":false},"excerpt":{"rendered":"<p>G\u00fcnl\u00fck sonbahar ve k\u0131\u015f giymesi i\u00e7in bu \u00f6nemli par\u00e7a, orta derecede s\u0131cakl\u0131k, m\u00fckemmel zay\u0131flama etkisi, rahat fit ve karma\u015f\u0131k bir mat dokuyu m\u00fckemmel bir \u015fekilde dengeler.  It&#8217; \u0130yi bir siluet arayan, kaliteye \u00f6ncelik veren ve \u00e7e\u015fitli g\u00fcnl\u00fck f\u0131rsatlar i\u00e7in \u00e7ok y\u00f6nl\u00fc se\u00e7eneklere ihtiya\u00e7 duyan kad\u0131nlar i\u00e7in ideal.<\/p>","protected":false},"featured_media":9898,"comment_status":"open","ping_status":"closed","template":"","meta":[],"product_brand":[],"product_cat":[15,32],"product_tag":[],"class_list":{"0":"post-9870","1":"product","2":"type-product","3":"status-publish","4":"has-post-thumbnail","6":"product_cat-pantyhose","7":"product_cat-semi-opaque-tights","9":"first","10":"instock","11":"shipping-taxable","12":"purchasable","13":"product-type-variable"},"_links":{"self":[{"href":"https:\/\/www.lasetatights.com\/tr\/wp-json\/wp\/v2\/product\/9870","targetHints":{"allow":["GET"]}}],"collection":[{"href":"https:\/\/www.lasetatights.com\/tr\/wp-json\/wp\/v2\/product"}],"about":[{"href":"https:\/\/www.lasetatights.com\/tr\/wp-json\/wp\/v2\/types\/product"}],"replies":[{"embeddable":true,"href":"https:\/\/www.lasetatights.com\/tr\/wp-json\/wp\/v2\/comments?post=9870"}],"wp:featuredmedia":[{"embeddable":true,"href":"https:\/\/www.lasetatights.com\/tr\/wp-json\/wp\/v2\/media\/9898"}],"wp:attachment":[{"href":"https:\/\/www.lasetatights.com\/tr\/wp-json\/wp\/v2\/media?parent=9870"}],"wp:term":[{"taxonomy":"product_brand","embeddable":true,"href":"https:\/\/www.lasetatights.com\/tr\/wp-json\/wp\/v2\/product_brand?post=9870"},{"taxonomy":"product_cat","embeddable":true,"href":"https:\/\/www.lasetatights.com\/tr\/wp-json\/wp\/v2\/product_cat?post=9870"},{"taxonomy":"product_tag","embeddable":true,"href":"https:\/\/www.lasetatights.com\/tr\/wp-json\/wp\/v2\/product_tag?post=9870"}],"curies":[{"name":"wp","href":"https:\/\/api.w.org\/{rel}","templated":true}]}}