{"id":9829,"date":"2026-01-27T18:44:32","date_gmt":"2026-01-27T10:44:32","guid":{"rendered":"https:\/\/www.lasetatights.com\/?post_type=product&#038;p=9829"},"modified":"2026-01-27T18:50:58","modified_gmt":"2026-01-27T10:50:58","slug":"56125-40d-children-ballet-dance-tights","status":"publish","type":"product","link":"https:\/\/www.lasetatights.com\/tr\/product\/56125-40d-children-ballet-dance-tights\/","title":{"rendered":"56125-40D \u00c7ocuk Bale Dans \u00c7oraplar\u0131"},"content":{"rendered":"","protected":false},"excerpt":{"rendered":"<p>\u00d6zellikle dans\u00e7\u0131lar, yoga uygulay\u0131c\u0131lar\u0131, fitness tutkunlar\u0131 ve nihai giyme konforu ve profesyonel i\u015flevselli\u011fi arayan moda bilin\u00e7li bireyler i\u00e7in tasarlanm\u0131\u015f, kesin s\u0131k\u0131\u015ft\u0131rma deste\u011fi, s\u0131n\u0131rs\u0131z hareket \u00f6zg\u00fcrl\u00fc\u011f\u00fc ve profesyonel esteti\u011fi m\u00fckemmel bir \u015fekilde birle\u015ftirir ve e\u011fitim, performans ve g\u00fcnl\u00fck \u015fekillendirme i\u00e7in ideal bir se\u00e7im haline getirir.<\/p>","protected":false},"featured_media":9843,"comment_status":"open","ping_status":"closed","template":"","meta":[],"product_brand":[],"product_cat":[15,47],"product_tag":[],"class_list":{"0":"post-9829","1":"product","2":"type-product","3":"status-publish","4":"has-post-thumbnail","6":"product_cat-pantyhose","7":"product_cat-dance-tights","9":"first","10":"instock","11":"shipping-taxable","12":"purchasable","13":"product-type-variable"},"_links":{"self":[{"href":"https:\/\/www.lasetatights.com\/tr\/wp-json\/wp\/v2\/product\/9829","targetHints":{"allow":["GET"]}}],"collection":[{"href":"https:\/\/www.lasetatights.com\/tr\/wp-json\/wp\/v2\/product"}],"about":[{"href":"https:\/\/www.lasetatights.com\/tr\/wp-json\/wp\/v2\/types\/product"}],"replies":[{"embeddable":true,"href":"https:\/\/www.lasetatights.com\/tr\/wp-json\/wp\/v2\/comments?post=9829"}],"wp:featuredmedia":[{"embeddable":true,"href":"https:\/\/www.lasetatights.com\/tr\/wp-json\/wp\/v2\/media\/9843"}],"wp:attachment":[{"href":"https:\/\/www.lasetatights.com\/tr\/wp-json\/wp\/v2\/media?parent=9829"}],"wp:term":[{"taxonomy":"product_brand","embeddable":true,"href":"https:\/\/www.lasetatights.com\/tr\/wp-json\/wp\/v2\/product_brand?post=9829"},{"taxonomy":"product_cat","embeddable":true,"href":"https:\/\/www.lasetatights.com\/tr\/wp-json\/wp\/v2\/product_cat?post=9829"},{"taxonomy":"product_tag","embeddable":true,"href":"https:\/\/www.lasetatights.com\/tr\/wp-json\/wp\/v2\/product_tag?post=9829"}],"curies":[{"name":"wp","href":"https:\/\/api.w.org\/{rel}","templated":true}]}}