{"id":9818,"date":"2026-01-27T18:44:49","date_gmt":"2026-01-27T10:44:49","guid":{"rendered":"https:\/\/www.lasetatights.com\/?post_type=product&#038;p=9818"},"modified":"2026-01-28T18:51:51","modified_gmt":"2026-01-28T10:51:51","slug":"16413-20d-soft-sheer-nylon-tights","status":"publish","type":"product","link":"https:\/\/www.lasetatights.com\/tr\/product\/16413-20d-soft-sheer-nylon-tights\/","title":{"rendered":"16413-20D Yumu\u015fak Sheer Naylon \u00c7oraplar"},"content":{"rendered":"","protected":false},"excerpt":{"rendered":"<p>20D naylon \u00e7oraplar, \u00e7oraplar pazar\u0131ndaki en klasik ve temel tarz\u0131 temsil eder.  \u201cParaya kar\u015f\u0131 ola\u011fan\u00fcst\u00fc de\u011fer\u201d ve \u201csaf i\u015flevsellik\u201d sunarak, kal\u0131c\u0131 pratik de\u011ferleri ile \u00e7ok say\u0131da y\u00fcksek teknoloji kuma\u015f aras\u0131nda \u00f6ne \u00e7\u0131karlar.<\/p>","protected":false},"featured_media":9819,"comment_status":"open","ping_status":"closed","template":"","meta":[],"product_brand":[],"product_cat":[15,30],"product_tag":[],"class_list":{"0":"post-9818","1":"product","2":"type-product","3":"status-publish","4":"has-post-thumbnail","6":"product_cat-pantyhose","7":"product_cat-5-20denier-pantyhose","9":"first","10":"instock","11":"shipping-taxable","12":"purchasable","13":"product-type-variable"},"_links":{"self":[{"href":"https:\/\/www.lasetatights.com\/tr\/wp-json\/wp\/v2\/product\/9818","targetHints":{"allow":["GET"]}}],"collection":[{"href":"https:\/\/www.lasetatights.com\/tr\/wp-json\/wp\/v2\/product"}],"about":[{"href":"https:\/\/www.lasetatights.com\/tr\/wp-json\/wp\/v2\/types\/product"}],"replies":[{"embeddable":true,"href":"https:\/\/www.lasetatights.com\/tr\/wp-json\/wp\/v2\/comments?post=9818"}],"wp:featuredmedia":[{"embeddable":true,"href":"https:\/\/www.lasetatights.com\/tr\/wp-json\/wp\/v2\/media\/9819"}],"wp:attachment":[{"href":"https:\/\/www.lasetatights.com\/tr\/wp-json\/wp\/v2\/media?parent=9818"}],"wp:term":[{"taxonomy":"product_brand","embeddable":true,"href":"https:\/\/www.lasetatights.com\/tr\/wp-json\/wp\/v2\/product_brand?post=9818"},{"taxonomy":"product_cat","embeddable":true,"href":"https:\/\/www.lasetatights.com\/tr\/wp-json\/wp\/v2\/product_cat?post=9818"},{"taxonomy":"product_tag","embeddable":true,"href":"https:\/\/www.lasetatights.com\/tr\/wp-json\/wp\/v2\/product_tag?post=9818"}],"curies":[{"name":"wp","href":"https:\/\/api.w.org\/{rel}","templated":true}]}}