{"id":9790,"date":"2026-01-27T18:43:35","date_gmt":"2026-01-27T10:43:35","guid":{"rendered":"https:\/\/www.lasetatights.com\/?post_type=product&#038;p=9790"},"modified":"2026-01-28T18:59:15","modified_gmt":"2026-01-28T10:59:15","slug":"46183-faux-thigh-high-and-mock-over-the-knee-pantyhose","status":"publish","type":"product","link":"https:\/\/www.lasetatights.com\/tr\/product\/46183-faux-thigh-high-and-mock-over-the-knee-pantyhose\/","title":{"rendered":"46183-Sahte Uy\u015fak Y\u00fcksek ve Diz Kolot \u00dczerinde Taklit"},"content":{"rendered":"","protected":false},"excerpt":{"rendered":"<p>Bu, temel kat\u0131 renklerden daha fazlas\u0131n\u0131 arayan, nihai zay\u0131flama ve d\u00fczeltme etkisini isteyen ve k\u00fc\u00e7\u00fck ama \u015f\u0131k detaylar\u0131 takdir eden kad\u0131nlar i\u00e7in m\u00fckemmel olan ola\u011fan\u00fcst\u00fc bir \u015fekilde d\u00fc\u015f\u00fcn\u00fclm\u00fc\u015f ve zekice tasarlanm\u0131\u015f y\u00fcksek bir par\u00e7ad\u0131r.<\/p>","protected":false},"featured_media":9793,"comment_status":"open","ping_status":"closed","template":"","meta":[],"product_brand":[],"product_cat":[15,49],"product_tag":[],"class_list":{"0":"post-9790","1":"product","2":"type-product","3":"status-publish","4":"has-post-thumbnail","6":"product_cat-pantyhose","7":"product_cat-party-tights","9":"first","10":"instock","11":"shipping-taxable","12":"purchasable","13":"product-type-variable"},"_links":{"self":[{"href":"https:\/\/www.lasetatights.com\/tr\/wp-json\/wp\/v2\/product\/9790","targetHints":{"allow":["GET"]}}],"collection":[{"href":"https:\/\/www.lasetatights.com\/tr\/wp-json\/wp\/v2\/product"}],"about":[{"href":"https:\/\/www.lasetatights.com\/tr\/wp-json\/wp\/v2\/types\/product"}],"replies":[{"embeddable":true,"href":"https:\/\/www.lasetatights.com\/tr\/wp-json\/wp\/v2\/comments?post=9790"}],"wp:featuredmedia":[{"embeddable":true,"href":"https:\/\/www.lasetatights.com\/tr\/wp-json\/wp\/v2\/media\/9793"}],"wp:attachment":[{"href":"https:\/\/www.lasetatights.com\/tr\/wp-json\/wp\/v2\/media?parent=9790"}],"wp:term":[{"taxonomy":"product_brand","embeddable":true,"href":"https:\/\/www.lasetatights.com\/tr\/wp-json\/wp\/v2\/product_brand?post=9790"},{"taxonomy":"product_cat","embeddable":true,"href":"https:\/\/www.lasetatights.com\/tr\/wp-json\/wp\/v2\/product_cat?post=9790"},{"taxonomy":"product_tag","embeddable":true,"href":"https:\/\/www.lasetatights.com\/tr\/wp-json\/wp\/v2\/product_tag?post=9790"}],"curies":[{"name":"wp","href":"https:\/\/api.w.org\/{rel}","templated":true}]}}