{"id":9735,"date":"2026-01-27T17:27:42","date_gmt":"2026-01-27T09:27:42","guid":{"rendered":"https:\/\/www.lasetatights.com\/?post_type=product&#038;p=9735"},"modified":"2026-01-29T09:43:08","modified_gmt":"2026-01-29T01:43:08","slug":"70d-velvet-cropped-tights","status":"publish","type":"product","link":"https:\/\/www.lasetatights.com\/tr\/product\/70d-velvet-cropped-tights\/","title":{"rendered":"70D Kafiye Kesilmi\u015f Kolot"},"content":{"rendered":"<p>Bu \u00e7ift 70D kar\u0131n kontrol\u00fc kadife kesilmi\u015f \u00e7oraplar konfor, \u015fekillendirme etkisi ve tarz\u0131n m\u00fckemmel bir kar\u0131\u015f\u0131m\u0131n\u0131 sunar. En \u00fcst d\u00fczey kuma\u015f teknolojisini ve \u00fc\u00e7 boyutlu tailoring ustal\u0131\u011f\u0131n\u0131 entegre eden, g\u00fcnl\u00fck seyahat, rahat aktiviteler veya ev giysileri i\u00e7in ideal bir se\u00e7imdir.<\/p>","protected":false},"excerpt":{"rendered":"<p>Bu \u00e7ift 70D kar\u0131n kontrol\u00fc kadife kesilmi\u015f \u00e7oraplar konfor, \u015fekillendirme etkisi ve tarz\u0131n m\u00fckemmel bir kar\u0131\u015f\u0131m\u0131n\u0131 sunar. En \u00fcst d\u00fczey kuma\u015f teknolojisini ve \u00fc\u00e7 boyutlu tailoring ustal\u0131\u011f\u0131n\u0131 entegre eden, g\u00fcnl\u00fck seyahat, rahat aktiviteler veya ev giysileri i\u00e7in ideal bir se\u00e7imdir.<\/p>","protected":false},"featured_media":9743,"comment_status":"open","ping_status":"closed","template":"","meta":[],"product_brand":[],"product_cat":[23],"product_tag":[],"class_list":{"0":"post-9735","1":"product","2":"type-product","3":"status-publish","4":"has-post-thumbnail","6":"product_cat-leggings","8":"first","9":"instock","10":"shipping-taxable","11":"purchasable","12":"product-type-variable"},"_links":{"self":[{"href":"https:\/\/www.lasetatights.com\/tr\/wp-json\/wp\/v2\/product\/9735","targetHints":{"allow":["GET"]}}],"collection":[{"href":"https:\/\/www.lasetatights.com\/tr\/wp-json\/wp\/v2\/product"}],"about":[{"href":"https:\/\/www.lasetatights.com\/tr\/wp-json\/wp\/v2\/types\/product"}],"replies":[{"embeddable":true,"href":"https:\/\/www.lasetatights.com\/tr\/wp-json\/wp\/v2\/comments?post=9735"}],"wp:featuredmedia":[{"embeddable":true,"href":"https:\/\/www.lasetatights.com\/tr\/wp-json\/wp\/v2\/media\/9743"}],"wp:attachment":[{"href":"https:\/\/www.lasetatights.com\/tr\/wp-json\/wp\/v2\/media?parent=9735"}],"wp:term":[{"taxonomy":"product_brand","embeddable":true,"href":"https:\/\/www.lasetatights.com\/tr\/wp-json\/wp\/v2\/product_brand?post=9735"},{"taxonomy":"product_cat","embeddable":true,"href":"https:\/\/www.lasetatights.com\/tr\/wp-json\/wp\/v2\/product_cat?post=9735"},{"taxonomy":"product_tag","embeddable":true,"href":"https:\/\/www.lasetatights.com\/tr\/wp-json\/wp\/v2\/product_tag?post=9735"}],"curies":[{"name":"wp","href":"https:\/\/api.w.org\/{rel}","templated":true}]}}