{"id":9726,"date":"2026-01-27T17:43:14","date_gmt":"2026-01-27T09:43:14","guid":{"rendered":"https:\/\/www.lasetatights.com\/?post_type=product&#038;p=9726"},"modified":"2026-01-27T18:38:36","modified_gmt":"2026-01-27T10:38:36","slug":"36206-30d-core-spun-yarn-polka-dot-jacquard-pantyhose","status":"publish","type":"product","link":"https:\/\/www.lasetatights.com\/tr\/product\/36206-30d-core-spun-yarn-polka-dot-jacquard-pantyhose\/","title":{"rendered":"36206-30D \u00c7ekirdekli \u0130plik Polka Noktal\u0131 Jakar Kolot"},"content":{"rendered":"","protected":false},"excerpt":{"rendered":"<p>Premium \u00e7ekirdek iplik kuma\u015f\u0131 \u00fcst\u00fcn esneklik sa\u011flar ve tekrarlanan gerilmeden sonra bile deformasyona direnir. Retro polka dot tasar\u0131m\u0131 bacak \u00e7izgilerinizi inceler ve g\u00f6rsel olarak uzunlat\u0131r, \u00e7e\u015fitli durumlar i\u00e7in m\u00fckemmel hale getirir.<\/p>\n<p>&nbsp;<\/p>","protected":false},"featured_media":9734,"comment_status":"open","ping_status":"closed","template":"","meta":[],"product_brand":[],"product_cat":[15,40],"product_tag":[],"class_list":{"0":"post-9726","1":"product","2":"type-product","3":"status-publish","4":"has-post-thumbnail","6":"product_cat-pantyhose","7":"product_cat-patterned-tights","9":"first","10":"instock","11":"shipping-taxable","12":"purchasable","13":"product-type-variable"},"_links":{"self":[{"href":"https:\/\/www.lasetatights.com\/tr\/wp-json\/wp\/v2\/product\/9726","targetHints":{"allow":["GET"]}}],"collection":[{"href":"https:\/\/www.lasetatights.com\/tr\/wp-json\/wp\/v2\/product"}],"about":[{"href":"https:\/\/www.lasetatights.com\/tr\/wp-json\/wp\/v2\/types\/product"}],"replies":[{"embeddable":true,"href":"https:\/\/www.lasetatights.com\/tr\/wp-json\/wp\/v2\/comments?post=9726"}],"wp:featuredmedia":[{"embeddable":true,"href":"https:\/\/www.lasetatights.com\/tr\/wp-json\/wp\/v2\/media\/9734"}],"wp:attachment":[{"href":"https:\/\/www.lasetatights.com\/tr\/wp-json\/wp\/v2\/media?parent=9726"}],"wp:term":[{"taxonomy":"product_brand","embeddable":true,"href":"https:\/\/www.lasetatights.com\/tr\/wp-json\/wp\/v2\/product_brand?post=9726"},{"taxonomy":"product_cat","embeddable":true,"href":"https:\/\/www.lasetatights.com\/tr\/wp-json\/wp\/v2\/product_cat?post=9726"},{"taxonomy":"product_tag","embeddable":true,"href":"https:\/\/www.lasetatights.com\/tr\/wp-json\/wp\/v2\/product_tag?post=9726"}],"curies":[{"name":"wp","href":"https:\/\/api.w.org\/{rel}","templated":true}]}}