{"id":9679,"date":"2026-01-27T16:25:45","date_gmt":"2026-01-27T08:25:45","guid":{"rendered":"https:\/\/www.lasetatights.com\/?post_type=product&#038;p=9679"},"modified":"2026-01-29T09:43:55","modified_gmt":"2026-01-29T01:43:55","slug":"16039-10d-ultra-thin-t-crotch-sheer-tights","status":"publish","type":"product","link":"https:\/\/www.lasetatights.com\/tr\/product\/16039-10d-ultra-thin-t-crotch-sheer-tights\/","title":{"rendered":"16039- 10D Ultra ince T-Crotch Sheer \u00c7oraplar"},"content":{"rendered":"","protected":false},"excerpt":{"rendered":"<p>10D \u00e7ekirdek d\u00f6nd\u00fcr\u00fclm\u00fc\u015f ipek \u00e7orap, \u00e7\u0131plak cilt giyme deneyimi sunar. Onun thong gusset tasar\u0131m\u0131, ara\u00e7 alan\u0131ndaki kuma\u015f toplanmas\u0131n\u0131 ortadan kald\u0131r\u0131r ve m\u00fckemmel nefes alma olana\u011f\u0131n\u0131 sa\u011flar, bunu i\u015f resmi olaylar\u0131 ve cilal\u0131 bir g\u00f6r\u00fcnt\u00fc gerekti\u011fi etiket resepsiyonlar\u0131 gibi profesyonel ayarlar i\u00e7in ideal hale getirir.<\/p>","protected":false},"featured_media":9688,"comment_status":"open","ping_status":"closed","template":"","meta":[],"product_brand":[],"product_cat":[15,30],"product_tag":[],"class_list":{"0":"post-9679","1":"product","2":"type-product","3":"status-publish","4":"has-post-thumbnail","6":"product_cat-pantyhose","7":"product_cat-5-20denier-pantyhose","9":"first","10":"instock","11":"shipping-taxable","12":"purchasable","13":"product-type-variable"},"_links":{"self":[{"href":"https:\/\/www.lasetatights.com\/tr\/wp-json\/wp\/v2\/product\/9679","targetHints":{"allow":["GET"]}}],"collection":[{"href":"https:\/\/www.lasetatights.com\/tr\/wp-json\/wp\/v2\/product"}],"about":[{"href":"https:\/\/www.lasetatights.com\/tr\/wp-json\/wp\/v2\/types\/product"}],"replies":[{"embeddable":true,"href":"https:\/\/www.lasetatights.com\/tr\/wp-json\/wp\/v2\/comments?post=9679"}],"wp:featuredmedia":[{"embeddable":true,"href":"https:\/\/www.lasetatights.com\/tr\/wp-json\/wp\/v2\/media\/9688"}],"wp:attachment":[{"href":"https:\/\/www.lasetatights.com\/tr\/wp-json\/wp\/v2\/media?parent=9679"}],"wp:term":[{"taxonomy":"product_brand","embeddable":true,"href":"https:\/\/www.lasetatights.com\/tr\/wp-json\/wp\/v2\/product_brand?post=9679"},{"taxonomy":"product_cat","embeddable":true,"href":"https:\/\/www.lasetatights.com\/tr\/wp-json\/wp\/v2\/product_cat?post=9679"},{"taxonomy":"product_tag","embeddable":true,"href":"https:\/\/www.lasetatights.com\/tr\/wp-json\/wp\/v2\/product_tag?post=9679"}],"curies":[{"name":"wp","href":"https:\/\/api.w.org\/{rel}","templated":true}]}}