{"id":9656,"date":"2026-01-27T15:12:16","date_gmt":"2026-01-27T07:12:16","guid":{"rendered":"https:\/\/www.lasetatights.com\/?post_type=product&#038;p=9656"},"modified":"2026-01-27T16:04:02","modified_gmt":"2026-01-27T08:04:02","slug":"20d-lace-stay-ups-14021","status":"publish","type":"product","link":"https:\/\/www.lasetatights.com\/tr\/product\/20d-lace-stay-ups-14021\/","title":{"rendered":"20D dantel kalmak"},"content":{"rendered":"","protected":false},"excerpt":{"rendered":"<p>Silikon uy\u015fak y\u00fckseklikleri art\u0131k foto\u011fraf \u00e7ekimleri i\u00e7in tek kullan\u0131ml\u0131k rekvizitler de\u011fildir. Onlar&#8217; Ko\u015furken, saatlerce otururken veya dans ederken m\u00fckemmel bir \u015fekilde yerinizde kalan ger\u00e7ekten giyilebilir, i\u015flevsel \u201cpratik seksi e\u015fyalar\u201d haline geldiniz. Man\u015fetler kazand\u0131&#8217; t bir in\u00e7 hareket etmek, g\u00f6r\u00fcn\u00fc\u015f\u00fcn\u00fcz hakk\u0131nda herhangi bir endi\u015feden kurtarmak.<\/p>","protected":false},"featured_media":9665,"comment_status":"open","ping_status":"closed","template":"","meta":[],"product_brand":[],"product_cat":[50,21],"product_tag":[],"class_list":{"0":"post-9656","1":"product","2":"type-product","3":"status-publish","4":"has-post-thumbnail","6":"product_cat-lace-top-stay-ups","7":"product_cat-stay-ups","9":"first","10":"instock","11":"shipping-taxable","12":"purchasable","13":"product-type-variable"},"_links":{"self":[{"href":"https:\/\/www.lasetatights.com\/tr\/wp-json\/wp\/v2\/product\/9656","targetHints":{"allow":["GET"]}}],"collection":[{"href":"https:\/\/www.lasetatights.com\/tr\/wp-json\/wp\/v2\/product"}],"about":[{"href":"https:\/\/www.lasetatights.com\/tr\/wp-json\/wp\/v2\/types\/product"}],"replies":[{"embeddable":true,"href":"https:\/\/www.lasetatights.com\/tr\/wp-json\/wp\/v2\/comments?post=9656"}],"wp:featuredmedia":[{"embeddable":true,"href":"https:\/\/www.lasetatights.com\/tr\/wp-json\/wp\/v2\/media\/9665"}],"wp:attachment":[{"href":"https:\/\/www.lasetatights.com\/tr\/wp-json\/wp\/v2\/media?parent=9656"}],"wp:term":[{"taxonomy":"product_brand","embeddable":true,"href":"https:\/\/www.lasetatights.com\/tr\/wp-json\/wp\/v2\/product_brand?post=9656"},{"taxonomy":"product_cat","embeddable":true,"href":"https:\/\/www.lasetatights.com\/tr\/wp-json\/wp\/v2\/product_cat?post=9656"},{"taxonomy":"product_tag","embeddable":true,"href":"https:\/\/www.lasetatights.com\/tr\/wp-json\/wp\/v2\/product_tag?post=9656"}],"curies":[{"name":"wp","href":"https:\/\/api.w.org\/{rel}","templated":true}]}}