{"id":10306,"date":"2026-04-13T11:34:19","date_gmt":"2026-04-13T03:34:19","guid":{"rendered":"https:\/\/www.lasetatights.com\/?post_type=product&#038;p=10306"},"modified":"2026-04-15T09:35:06","modified_gmt":"2026-04-15T01:35:06","slug":"20d-polka-dot-lace-stay-ups","status":"publish","type":"product","link":"https:\/\/www.lasetatights.com\/tr\/product\/20d-polka-dot-lace-stay-ups\/","title":{"rendered":"20D Polka Dot Dantel Kalmak"},"content":{"rendered":"","protected":false},"excerpt":{"rendered":"<p>Bu ultra saf 20D uy\u015fak y\u00fcksekli\u011findeki \u00e7oraplar, bacaklar\u0131 halalt\u0131c\u0131 klasik bir polka-dot desenine sahiptir, m\u00fckemmel geni\u015fli\u011findeki kirpik dantel s\u00fcsleme ile e\u015fle\u015ftirilmi\u015ftir, eski cazibesi ve modern duygusall\u0131k aras\u0131ndaki m\u00fckemmel dengeyi vurur. Yerle\u015fik kayma kar\u015f\u0131t\u0131 silikon bantlarla, s\u00fcrekli olarak onlar\u0131 \u00e7ekmek zorunda kalman\u0131n, t\u00fcm g\u00fcn boyunca sakinlik ve zarifli\u011fi koruman\u0131n huzursuzlu\u011funa veda edebilirsiniz.<\/p>","protected":false},"featured_media":10307,"comment_status":"closed","ping_status":"closed","template":"","meta":[],"product_brand":[],"product_cat":[50,51,21],"product_tag":[],"class_list":{"0":"post-10306","1":"product","2":"type-product","3":"status-publish","4":"has-post-thumbnail","6":"product_cat-lace-top-stay-ups","7":"product_cat-sheer-stay-ups","8":"product_cat-stay-ups","10":"first","11":"instock","12":"shipping-taxable","13":"purchasable","14":"product-type-variable"},"_links":{"self":[{"href":"https:\/\/www.lasetatights.com\/tr\/wp-json\/wp\/v2\/product\/10306","targetHints":{"allow":["GET"]}}],"collection":[{"href":"https:\/\/www.lasetatights.com\/tr\/wp-json\/wp\/v2\/product"}],"about":[{"href":"https:\/\/www.lasetatights.com\/tr\/wp-json\/wp\/v2\/types\/product"}],"replies":[{"embeddable":true,"href":"https:\/\/www.lasetatights.com\/tr\/wp-json\/wp\/v2\/comments?post=10306"}],"wp:featuredmedia":[{"embeddable":true,"href":"https:\/\/www.lasetatights.com\/tr\/wp-json\/wp\/v2\/media\/10307"}],"wp:attachment":[{"href":"https:\/\/www.lasetatights.com\/tr\/wp-json\/wp\/v2\/media?parent=10306"}],"wp:term":[{"taxonomy":"product_brand","embeddable":true,"href":"https:\/\/www.lasetatights.com\/tr\/wp-json\/wp\/v2\/product_brand?post=10306"},{"taxonomy":"product_cat","embeddable":true,"href":"https:\/\/www.lasetatights.com\/tr\/wp-json\/wp\/v2\/product_cat?post=10306"},{"taxonomy":"product_tag","embeddable":true,"href":"https:\/\/www.lasetatights.com\/tr\/wp-json\/wp\/v2\/product_tag?post=10306"}],"curies":[{"name":"wp","href":"https:\/\/api.w.org\/{rel}","templated":true}]}}