{"id":10279,"date":"2026-04-09T11:07:34","date_gmt":"2026-04-09T03:07:34","guid":{"rendered":"https:\/\/www.lasetatights.com\/?post_type=product&#038;p=10279"},"modified":"2026-04-15T09:36:32","modified_gmt":"2026-04-15T01:36:32","slug":"30d-women-faux-thigh-high-stockings-with-three-stripes","status":"publish","type":"product","link":"https:\/\/www.lasetatights.com\/tr\/product\/30d-women-faux-thigh-high-stockings-with-three-stripes\/","title":{"rendered":"30D Kad\u0131nlar \u00dc\u00e7 \u00c7izgili Sahte U\u015fak Y\u00fcksek \u00c7orap"},"content":{"rendered":"","protected":false},"excerpt":{"rendered":"<p>30D \u00dc\u00e7l\u00fc \u00c7izgili \u00c7oraplar\u0131m\u0131z, \u015f\u0131k, tek par\u00e7al\u0131 bir tasar\u0131mda ikonik \u00fcniversite dizden \u00fcst\u00fc \u00e7orap tarz\u0131n\u0131 ustaca taklit eder. Uzaklarda \u00fc\u00e7 keskin atletik \u00e7izgi olan bu \u00e7oraplar, m\u00fckemmel bir yerde kalan katmanl\u0131 bir g\u00f6r\u00fcn\u00fcm i\u00e7in nefes alabilir, net bir \u00fcst ve opak bir alt sunar.<\/p>","protected":false},"featured_media":10281,"comment_status":"closed","ping_status":"closed","template":"","meta":[],"product_brand":[],"product_cat":[15,49,40],"product_tag":[],"class_list":{"0":"post-10279","1":"product","2":"type-product","3":"status-publish","4":"has-post-thumbnail","6":"product_cat-pantyhose","7":"product_cat-party-tights","8":"product_cat-patterned-tights","10":"first","11":"instock","12":"shipping-taxable","13":"purchasable","14":"product-type-variable"},"_links":{"self":[{"href":"https:\/\/www.lasetatights.com\/tr\/wp-json\/wp\/v2\/product\/10279","targetHints":{"allow":["GET"]}}],"collection":[{"href":"https:\/\/www.lasetatights.com\/tr\/wp-json\/wp\/v2\/product"}],"about":[{"href":"https:\/\/www.lasetatights.com\/tr\/wp-json\/wp\/v2\/types\/product"}],"replies":[{"embeddable":true,"href":"https:\/\/www.lasetatights.com\/tr\/wp-json\/wp\/v2\/comments?post=10279"}],"wp:featuredmedia":[{"embeddable":true,"href":"https:\/\/www.lasetatights.com\/tr\/wp-json\/wp\/v2\/media\/10281"}],"wp:attachment":[{"href":"https:\/\/www.lasetatights.com\/tr\/wp-json\/wp\/v2\/media?parent=10279"}],"wp:term":[{"taxonomy":"product_brand","embeddable":true,"href":"https:\/\/www.lasetatights.com\/tr\/wp-json\/wp\/v2\/product_brand?post=10279"},{"taxonomy":"product_cat","embeddable":true,"href":"https:\/\/www.lasetatights.com\/tr\/wp-json\/wp\/v2\/product_cat?post=10279"},{"taxonomy":"product_tag","embeddable":true,"href":"https:\/\/www.lasetatights.com\/tr\/wp-json\/wp\/v2\/product_tag?post=10279"}],"curies":[{"name":"wp","href":"https:\/\/api.w.org\/{rel}","templated":true}]}}