{"id":10262,"date":"2026-04-09T10:28:57","date_gmt":"2026-04-09T02:28:57","guid":{"rendered":"https:\/\/www.lasetatights.com\/?post_type=product&#038;p=10262"},"modified":"2026-04-15T09:37:04","modified_gmt":"2026-04-15T01:37:04","slug":"30d-heart-print-knee-high-pantyhose","status":"publish","type":"product","link":"https:\/\/www.lasetatights.com\/tr\/product\/30d-heart-print-knee-high-pantyhose\/","title":{"rendered":"30D Kalp Bask\u0131 Diz Y\u00fcksekli\u011findeki Kolot"},"content":{"rendered":"","protected":false},"excerpt":{"rendered":"<p>Hassas bir kalp izi ve net-opak sahte uy\u00e7 y\u00fcksekli\u011fi tasar\u0131m\u0131na sahip bu 30D \u00e7oraplar tatl\u0131 ve kenarl\u0131 m\u00fckemmel bir kar\u0131\u015f\u0131md\u0131r. E\u011fer&#8217; \u0130\u00e7inizi yeniden kanalla\u015ft\u0131rmak &#8216; yumu\u015fak k\u0131z&#8217; veya bir gece d\u0131\u015far\u0131 k\u0131yafetine oyuncu bir dokunu\u015f ekleyerek, bu \u00e7oraplar kafalar\u0131 d\u00f6nerken m\u00fckemmel bir \u015fekilde yerinde kal\u0131r. &#8221;<\/p>","protected":false},"featured_media":10264,"comment_status":"closed","ping_status":"closed","template":"","meta":[],"product_brand":[],"product_cat":[15,40],"product_tag":[],"class_list":{"0":"post-10262","1":"product","2":"type-product","3":"status-publish","4":"has-post-thumbnail","6":"product_cat-pantyhose","7":"product_cat-patterned-tights","9":"first","10":"instock","11":"shipping-taxable","12":"purchasable","13":"product-type-variable"},"_links":{"self":[{"href":"https:\/\/www.lasetatights.com\/tr\/wp-json\/wp\/v2\/product\/10262","targetHints":{"allow":["GET"]}}],"collection":[{"href":"https:\/\/www.lasetatights.com\/tr\/wp-json\/wp\/v2\/product"}],"about":[{"href":"https:\/\/www.lasetatights.com\/tr\/wp-json\/wp\/v2\/types\/product"}],"replies":[{"embeddable":true,"href":"https:\/\/www.lasetatights.com\/tr\/wp-json\/wp\/v2\/comments?post=10262"}],"wp:featuredmedia":[{"embeddable":true,"href":"https:\/\/www.lasetatights.com\/tr\/wp-json\/wp\/v2\/media\/10264"}],"wp:attachment":[{"href":"https:\/\/www.lasetatights.com\/tr\/wp-json\/wp\/v2\/media?parent=10262"}],"wp:term":[{"taxonomy":"product_brand","embeddable":true,"href":"https:\/\/www.lasetatights.com\/tr\/wp-json\/wp\/v2\/product_brand?post=10262"},{"taxonomy":"product_cat","embeddable":true,"href":"https:\/\/www.lasetatights.com\/tr\/wp-json\/wp\/v2\/product_cat?post=10262"},{"taxonomy":"product_tag","embeddable":true,"href":"https:\/\/www.lasetatights.com\/tr\/wp-json\/wp\/v2\/product_tag?post=10262"}],"curies":[{"name":"wp","href":"https:\/\/api.w.org\/{rel}","templated":true}]}}