{"id":10254,"date":"2026-04-09T10:14:58","date_gmt":"2026-04-09T02:14:58","guid":{"rendered":"https:\/\/www.lasetatights.com\/?post_type=product&#038;p=10254"},"modified":"2026-04-15T09:37:44","modified_gmt":"2026-04-15T01:37:44","slug":"120d-plus-size-tummy-control-velvet-tights","status":"publish","type":"product","link":"https:\/\/www.lasetatights.com\/tr\/product\/120d-plus-size-tummy-control-velvet-tights\/","title":{"rendered":"120D Art\u0131 Boyutlu Kar\u0131n Kontrol Kafiye \u00c7oraplar"},"content":{"rendered":"","protected":false},"excerpt":{"rendered":"<p>E\u011frilerinizi akl\u0131n\u0131zda tutarak tasarlanm\u0131\u015f m\u00fckemmel bir \u00e7ift \u00e7orap. 120D Plus Boyutu Kafede \u00c7oraplar\u0131m\u0131z y\u00fcksek performansl\u0131 \u015fekillendirme ile bulut benzeri konforu birle\u015ftirir. E\u011fer&#8217; \u0130\u015fe gidiyor veya geceleri d\u0131\u015far\u0131 \u00e7\u0131k\u0131yoruz, bu opak \u00e7oraplar sorunsuz, zay\u0131flama silueti olu\u015fturur ve b\u00fct\u00fcn g\u00fcn boyunca g\u00fcvenli bir \u015fekilde yerinde kal\u0131r.<\/p>","protected":false},"featured_media":10255,"comment_status":"closed","ping_status":"closed","template":"","meta":[],"product_brand":[],"product_cat":[15,37,32],"product_tag":[],"class_list":{"0":"post-10254","1":"product","2":"type-product","3":"status-publish","4":"has-post-thumbnail","6":"product_cat-pantyhose","7":"product_cat-plus-size-tights","8":"product_cat-semi-opaque-tights","10":"first","11":"instock","12":"shipping-taxable","13":"purchasable","14":"product-type-variable"},"_links":{"self":[{"href":"https:\/\/www.lasetatights.com\/tr\/wp-json\/wp\/v2\/product\/10254","targetHints":{"allow":["GET"]}}],"collection":[{"href":"https:\/\/www.lasetatights.com\/tr\/wp-json\/wp\/v2\/product"}],"about":[{"href":"https:\/\/www.lasetatights.com\/tr\/wp-json\/wp\/v2\/types\/product"}],"replies":[{"embeddable":true,"href":"https:\/\/www.lasetatights.com\/tr\/wp-json\/wp\/v2\/comments?post=10254"}],"wp:featuredmedia":[{"embeddable":true,"href":"https:\/\/www.lasetatights.com\/tr\/wp-json\/wp\/v2\/media\/10255"}],"wp:attachment":[{"href":"https:\/\/www.lasetatights.com\/tr\/wp-json\/wp\/v2\/media?parent=10254"}],"wp:term":[{"taxonomy":"product_brand","embeddable":true,"href":"https:\/\/www.lasetatights.com\/tr\/wp-json\/wp\/v2\/product_brand?post=10254"},{"taxonomy":"product_cat","embeddable":true,"href":"https:\/\/www.lasetatights.com\/tr\/wp-json\/wp\/v2\/product_cat?post=10254"},{"taxonomy":"product_tag","embeddable":true,"href":"https:\/\/www.lasetatights.com\/tr\/wp-json\/wp\/v2\/product_tag?post=10254"}],"curies":[{"name":"wp","href":"https:\/\/api.w.org\/{rel}","templated":true}]}}