{"id":10215,"date":"2026-04-07T17:13:57","date_gmt":"2026-04-07T09:13:57","guid":{"rendered":"https:\/\/www.lasetatights.com\/?post_type=product&#038;p=10215"},"modified":"2026-04-15T09:38:10","modified_gmt":"2026-04-15T01:38:10","slug":"70d-plus-size-velvet-tights","status":"publish","type":"product","link":"https:\/\/www.lasetatights.com\/tr\/product\/70d-plus-size-velvet-tights\/","title":{"rendered":"70D Art\u0131 Boyutlu Kafiye \u00c7oraplar"},"content":{"rendered":"","protected":false},"excerpt":{"rendered":"<p>Bu 70D kadife \u00e7oraplar \u00f6zellikle e\u011fri fig\u00fcrler i\u00e7in tasarlanm\u0131\u015ft\u0131r ve s\u0131k\u0131nt\u0131 ve saglanma rahats\u0131zl\u0131\u011f\u0131n\u0131 ortadan kald\u0131r\u0131r. E\u011fer&#8217; \u00c7al\u0131\u015fmaya tekrar gitmek veya k\u0131\u015f i\u00e7in onlar\u0131 katmanla\u015ft\u0131rmak, onlar&#8217; S\u0131cakl\u0131k ve zarifli\u011fi birle\u015ftiren dolab\u0131n\u0131zda olmas\u0131 gereken bir \u015fey.<\/p>","protected":false},"featured_media":10221,"comment_status":"closed","ping_status":"closed","template":"","meta":[],"product_brand":[],"product_cat":[15,32],"product_tag":[],"class_list":{"0":"post-10215","1":"product","2":"type-product","3":"status-publish","4":"has-post-thumbnail","6":"product_cat-pantyhose","7":"product_cat-semi-opaque-tights","9":"first","10":"instock","11":"shipping-taxable","12":"purchasable","13":"product-type-variable"},"_links":{"self":[{"href":"https:\/\/www.lasetatights.com\/tr\/wp-json\/wp\/v2\/product\/10215","targetHints":{"allow":["GET"]}}],"collection":[{"href":"https:\/\/www.lasetatights.com\/tr\/wp-json\/wp\/v2\/product"}],"about":[{"href":"https:\/\/www.lasetatights.com\/tr\/wp-json\/wp\/v2\/types\/product"}],"replies":[{"embeddable":true,"href":"https:\/\/www.lasetatights.com\/tr\/wp-json\/wp\/v2\/comments?post=10215"}],"wp:featuredmedia":[{"embeddable":true,"href":"https:\/\/www.lasetatights.com\/tr\/wp-json\/wp\/v2\/media\/10221"}],"wp:attachment":[{"href":"https:\/\/www.lasetatights.com\/tr\/wp-json\/wp\/v2\/media?parent=10215"}],"wp:term":[{"taxonomy":"product_brand","embeddable":true,"href":"https:\/\/www.lasetatights.com\/tr\/wp-json\/wp\/v2\/product_brand?post=10215"},{"taxonomy":"product_cat","embeddable":true,"href":"https:\/\/www.lasetatights.com\/tr\/wp-json\/wp\/v2\/product_cat?post=10215"},{"taxonomy":"product_tag","embeddable":true,"href":"https:\/\/www.lasetatights.com\/tr\/wp-json\/wp\/v2\/product_tag?post=10215"}],"curies":[{"name":"wp","href":"https:\/\/api.w.org\/{rel}","templated":true}]}}