{"id":10201,"date":"2026-04-07T15:42:24","date_gmt":"2026-04-07T07:42:24","guid":{"rendered":"https:\/\/www.lasetatights.com\/?post_type=product&#038;p=10201"},"modified":"2026-04-16T16:39:07","modified_gmt":"2026-04-16T08:39:07","slug":"120d-velvet-shaping-tights","status":"publish","type":"product","link":"https:\/\/www.lasetatights.com\/tr\/product\/120d-velvet-shaping-tights\/","title":{"rendered":"120D Kafiye \u015eekillendirme Kolot"},"content":{"rendered":"","protected":false},"excerpt":{"rendered":"<p>Maksimum esneklik ve ola\u011fan\u00fcst\u00fc esneklik i\u00e7in, LASETA kad\u0131nlar\u0131 yapmak i\u00e7in premium bir poliamid ve spandex kar\u0131\u015f\u0131m\u0131 kullan\u0131r. S \u00e7orap \u00e7oraplar\u0131. B\u00f6ylece daha b\u00fcy\u00fck bir k\u0131\u00e7 ve karn\u0131 yerle\u015ftirirler, giri\u015finizin alt\u0131nda garip bo\u015fluklar yaratmadan.<\/p>","protected":false},"featured_media":10202,"comment_status":"closed","ping_status":"closed","template":"","meta":[],"product_brand":[],"product_cat":[36,86,33],"product_tag":[],"class_list":{"0":"post-10201","1":"product","2":"type-product","3":"status-publish","4":"has-post-thumbnail","6":"product_cat-control-top-tights","7":"product_cat-matt-tights","8":"product_cat-opaque-tights","10":"first","11":"instock","12":"shipping-taxable","13":"purchasable","14":"product-type-variable"},"_links":{"self":[{"href":"https:\/\/www.lasetatights.com\/tr\/wp-json\/wp\/v2\/product\/10201","targetHints":{"allow":["GET"]}}],"collection":[{"href":"https:\/\/www.lasetatights.com\/tr\/wp-json\/wp\/v2\/product"}],"about":[{"href":"https:\/\/www.lasetatights.com\/tr\/wp-json\/wp\/v2\/types\/product"}],"replies":[{"embeddable":true,"href":"https:\/\/www.lasetatights.com\/tr\/wp-json\/wp\/v2\/comments?post=10201"}],"wp:featuredmedia":[{"embeddable":true,"href":"https:\/\/www.lasetatights.com\/tr\/wp-json\/wp\/v2\/media\/10202"}],"wp:attachment":[{"href":"https:\/\/www.lasetatights.com\/tr\/wp-json\/wp\/v2\/media?parent=10201"}],"wp:term":[{"taxonomy":"product_brand","embeddable":true,"href":"https:\/\/www.lasetatights.com\/tr\/wp-json\/wp\/v2\/product_brand?post=10201"},{"taxonomy":"product_cat","embeddable":true,"href":"https:\/\/www.lasetatights.com\/tr\/wp-json\/wp\/v2\/product_cat?post=10201"},{"taxonomy":"product_tag","embeddable":true,"href":"https:\/\/www.lasetatights.com\/tr\/wp-json\/wp\/v2\/product_tag?post=10201"}],"curies":[{"name":"wp","href":"https:\/\/api.w.org\/{rel}","templated":true}]}}