{"id":10182,"date":"2026-04-03T11:29:29","date_gmt":"2026-04-03T03:29:29","guid":{"rendered":"https:\/\/www.lasetatights.com\/?post_type=product&#038;p=10182"},"modified":"2026-04-15T09:39:57","modified_gmt":"2026-04-15T01:39:57","slug":"40d-plus-size-hip-control-micro-pressure-sheer-tights","status":"publish","type":"product","link":"https:\/\/www.lasetatights.com\/tr\/product\/40d-plus-size-hip-control-micro-pressure-sheer-tights\/","title":{"rendered":"40D Art\u0131 Boyut Kal\u00e7a Kontrol Mikro Bas\u0131n\u00e7l\u0131 Sheer \u00c7oraplar"},"content":{"rendered":"","protected":false},"excerpt":{"rendered":"<p>40D denier kal\u0131nl\u0131\u011f\u0131, saf ve opak aras\u0131ndaki m\u00fckemmel dengeyi vurur, \u00e7oraplar\u0131 korurken bacaklardaki kusurlar\u0131 etkili bir \u015fekilde gizler; duygusal, saf g\u00f6r\u00fcn\u00fcm, do\u011fal, sofistike bir hava f\u0131r\u00e7as\u0131 etkisi yarat\u0131r. Art\u0131 boyutlu giyiciler i\u00e7in, kar\u0131n kontrol\u00fc zorunlu bir \u00f6zelliktir; geni\u015f, y\u00fcksek bel tasar\u0131m\u0131, kar\u0131n konturlar\u0131n\u0131 p\u00fcr\u00fczs\u00fczle\u015ftirmek i\u00e7in orta derecede s\u0131k\u0131\u015ft\u0131rma sa\u011flar.<\/p>","protected":false},"featured_media":10183,"comment_status":"closed","ping_status":"closed","template":"","meta":[],"product_brand":[],"product_cat":[15,31,36],"product_tag":[],"class_list":{"0":"post-10182","1":"product","2":"type-product","3":"status-publish","4":"has-post-thumbnail","6":"product_cat-pantyhose","7":"product_cat-30-40denier-pantyhose","8":"product_cat-control-top-tights","10":"first","11":"instock","12":"shipping-taxable","13":"purchasable","14":"product-type-variable"},"_links":{"self":[{"href":"https:\/\/www.lasetatights.com\/tr\/wp-json\/wp\/v2\/product\/10182","targetHints":{"allow":["GET"]}}],"collection":[{"href":"https:\/\/www.lasetatights.com\/tr\/wp-json\/wp\/v2\/product"}],"about":[{"href":"https:\/\/www.lasetatights.com\/tr\/wp-json\/wp\/v2\/types\/product"}],"replies":[{"embeddable":true,"href":"https:\/\/www.lasetatights.com\/tr\/wp-json\/wp\/v2\/comments?post=10182"}],"wp:featuredmedia":[{"embeddable":true,"href":"https:\/\/www.lasetatights.com\/tr\/wp-json\/wp\/v2\/media\/10183"}],"wp:attachment":[{"href":"https:\/\/www.lasetatights.com\/tr\/wp-json\/wp\/v2\/media?parent=10182"}],"wp:term":[{"taxonomy":"product_brand","embeddable":true,"href":"https:\/\/www.lasetatights.com\/tr\/wp-json\/wp\/v2\/product_brand?post=10182"},{"taxonomy":"product_cat","embeddable":true,"href":"https:\/\/www.lasetatights.com\/tr\/wp-json\/wp\/v2\/product_cat?post=10182"},{"taxonomy":"product_tag","embeddable":true,"href":"https:\/\/www.lasetatights.com\/tr\/wp-json\/wp\/v2\/product_tag?post=10182"}],"curies":[{"name":"wp","href":"https:\/\/api.w.org\/{rel}","templated":true}]}}