{"id":9979,"date":"2026-01-28T10:49:14","date_gmt":"2026-01-28T02:49:14","guid":{"rendered":"https:\/\/www.lasetatights.com\/?post_type=product&#038;p=9979"},"modified":"2026-01-28T11:56:20","modified_gmt":"2026-01-28T03:56:20","slug":"916006-15d-micro-pressure-control-top-tights","status":"publish","type":"product","link":"https:\/\/www.lasetatights.com\/pt\/product\/916006-15d-micro-pressure-control-top-tights\/","title":{"rendered":"916006-15D Micro-Pressure Control Top Tights"},"content":{"rendered":"","protected":false},"excerpt":{"rendered":"<p>15D Micro-Compression Tummy-Control Tights s\u00e3o uma \u201cpilha funcional de forma luminosa\u201d posicionada precisamente que atinge um valioso equil\u00edbrio entre um \u201csentimento ultra-mal-h\u00e1\u201d e uma \u201cforma\u00e7\u00e3o substancial\u201d. Ideal para profissionais de escrit\u00f3rio, m\u00e3es p\u00f3s-parto e todas as mulheres buscando um \u201cefeito de redu\u00e7\u00e3o\u201d quando vestidas.<\/p>","protected":false},"featured_media":9980,"comment_status":"open","ping_status":"closed","template":"","meta":[],"product_brand":[],"product_cat":[15,30],"product_tag":[],"class_list":{"0":"post-9979","1":"product","2":"type-product","3":"status-publish","4":"has-post-thumbnail","6":"product_cat-pantyhose","7":"product_cat-5-20denier-pantyhose","9":"first","10":"instock","11":"shipping-taxable","12":"purchasable","13":"product-type-variable"},"_links":{"self":[{"href":"https:\/\/www.lasetatights.com\/pt\/wp-json\/wp\/v2\/product\/9979","targetHints":{"allow":["GET"]}}],"collection":[{"href":"https:\/\/www.lasetatights.com\/pt\/wp-json\/wp\/v2\/product"}],"about":[{"href":"https:\/\/www.lasetatights.com\/pt\/wp-json\/wp\/v2\/types\/product"}],"replies":[{"embeddable":true,"href":"https:\/\/www.lasetatights.com\/pt\/wp-json\/wp\/v2\/comments?post=9979"}],"wp:featuredmedia":[{"embeddable":true,"href":"https:\/\/www.lasetatights.com\/pt\/wp-json\/wp\/v2\/media\/9980"}],"wp:attachment":[{"href":"https:\/\/www.lasetatights.com\/pt\/wp-json\/wp\/v2\/media?parent=9979"}],"wp:term":[{"taxonomy":"product_brand","embeddable":true,"href":"https:\/\/www.lasetatights.com\/pt\/wp-json\/wp\/v2\/product_brand?post=9979"},{"taxonomy":"product_cat","embeddable":true,"href":"https:\/\/www.lasetatights.com\/pt\/wp-json\/wp\/v2\/product_cat?post=9979"},{"taxonomy":"product_tag","embeddable":true,"href":"https:\/\/www.lasetatights.com\/pt\/wp-json\/wp\/v2\/product_tag?post=9979"}],"curies":[{"name":"wp","href":"https:\/\/api.w.org\/{rel}","templated":true}]}}