{"id":9920,"date":"2026-01-28T10:14:14","date_gmt":"2026-01-28T02:14:14","guid":{"rendered":"https:\/\/www.lasetatights.com\/?post_type=product&#038;p=9920"},"modified":"2026-01-29T09:36:02","modified_gmt":"2026-01-29T01:36:02","slug":"36028-20d-back-seam-jacquard-tights","status":"publish","type":"product","link":"https:\/\/www.lasetatights.com\/pt\/product\/36028-20d-back-seam-jacquard-tights\/","title":{"rendered":"36028-20D Back Seam Jacquard Tights"},"content":{"rendered":"","protected":false},"excerpt":{"rendered":"<p>O estilo de 20 negadores \u00e9 ligeiro, fornecendo uma olhada natural de perna nua. Seu design vertical da costa cria uma silueta fina e sexy visualmente. Fazido de tecido de seda de n\u00facleo, \u00e9 seda, amig\u00e1vel \u00e0 pele e n\u00e3o restritivo, desgastando umidade mesmo com uso prolongado \u2013 perfeito para ocasi\u00f5es todo o dia como viagem e datas.<\/p>","protected":false},"featured_media":9922,"comment_status":"open","ping_status":"closed","template":"","meta":[],"product_brand":[],"product_cat":[15,30],"product_tag":[],"class_list":{"0":"post-9920","1":"product","2":"type-product","3":"status-publish","4":"has-post-thumbnail","6":"product_cat-pantyhose","7":"product_cat-5-20denier-pantyhose","9":"first","10":"instock","11":"shipping-taxable","12":"purchasable","13":"product-type-variable"},"_links":{"self":[{"href":"https:\/\/www.lasetatights.com\/pt\/wp-json\/wp\/v2\/product\/9920","targetHints":{"allow":["GET"]}}],"collection":[{"href":"https:\/\/www.lasetatights.com\/pt\/wp-json\/wp\/v2\/product"}],"about":[{"href":"https:\/\/www.lasetatights.com\/pt\/wp-json\/wp\/v2\/types\/product"}],"replies":[{"embeddable":true,"href":"https:\/\/www.lasetatights.com\/pt\/wp-json\/wp\/v2\/comments?post=9920"}],"wp:featuredmedia":[{"embeddable":true,"href":"https:\/\/www.lasetatights.com\/pt\/wp-json\/wp\/v2\/media\/9922"}],"wp:attachment":[{"href":"https:\/\/www.lasetatights.com\/pt\/wp-json\/wp\/v2\/media?parent=9920"}],"wp:term":[{"taxonomy":"product_brand","embeddable":true,"href":"https:\/\/www.lasetatights.com\/pt\/wp-json\/wp\/v2\/product_brand?post=9920"},{"taxonomy":"product_cat","embeddable":true,"href":"https:\/\/www.lasetatights.com\/pt\/wp-json\/wp\/v2\/product_cat?post=9920"},{"taxonomy":"product_tag","embeddable":true,"href":"https:\/\/www.lasetatights.com\/pt\/wp-json\/wp\/v2\/product_tag?post=9920"}],"curies":[{"name":"wp","href":"https:\/\/api.w.org\/{rel}","templated":true}]}}