{"id":9848,"date":"2026-01-27T19:00:25","date_gmt":"2026-01-27T11:00:25","guid":{"rendered":"https:\/\/www.lasetatights.com\/?post_type=product&#038;p=9848"},"modified":"2026-01-29T09:39:04","modified_gmt":"2026-01-29T01:39:04","slug":"16540-mid-calf-length-lace-up-jacquard-tights","status":"publish","type":"product","link":"https:\/\/www.lasetatights.com\/pt\/product\/16540-mid-calf-length-lace-up-jacquard-tights\/","title":{"rendered":"16540 - \"Jacquard tights\" de comprimento m\u00e9dio de vitelo"},"content":{"rendered":"","protected":false},"excerpt":{"rendered":"<p>Esta \u00e9 uma pe\u00e7a de moda excepcionalmente \u00fanica e altamente funcional que combina forma\u00e7\u00e3o, resist\u00eancia ao deslizamento e caracter\u00edsticas definidoras do estilo. Designadas para mulheres de moda avan\u00e7ada que desejam o m\u00e1ximo em aspectos escultos e adoram est\u00e9tica antiga.<\/p>","protected":false},"featured_media":9862,"comment_status":"open","ping_status":"closed","template":"","meta":[],"product_brand":[],"product_cat":[15,49],"product_tag":[],"class_list":{"0":"post-9848","1":"product","2":"type-product","3":"status-publish","4":"has-post-thumbnail","6":"product_cat-pantyhose","7":"product_cat-party-tights","9":"first","10":"instock","11":"shipping-taxable","12":"purchasable","13":"product-type-variable"},"_links":{"self":[{"href":"https:\/\/www.lasetatights.com\/pt\/wp-json\/wp\/v2\/product\/9848","targetHints":{"allow":["GET"]}}],"collection":[{"href":"https:\/\/www.lasetatights.com\/pt\/wp-json\/wp\/v2\/product"}],"about":[{"href":"https:\/\/www.lasetatights.com\/pt\/wp-json\/wp\/v2\/types\/product"}],"replies":[{"embeddable":true,"href":"https:\/\/www.lasetatights.com\/pt\/wp-json\/wp\/v2\/comments?post=9848"}],"wp:featuredmedia":[{"embeddable":true,"href":"https:\/\/www.lasetatights.com\/pt\/wp-json\/wp\/v2\/media\/9862"}],"wp:attachment":[{"href":"https:\/\/www.lasetatights.com\/pt\/wp-json\/wp\/v2\/media?parent=9848"}],"wp:term":[{"taxonomy":"product_brand","embeddable":true,"href":"https:\/\/www.lasetatights.com\/pt\/wp-json\/wp\/v2\/product_brand?post=9848"},{"taxonomy":"product_cat","embeddable":true,"href":"https:\/\/www.lasetatights.com\/pt\/wp-json\/wp\/v2\/product_cat?post=9848"},{"taxonomy":"product_tag","embeddable":true,"href":"https:\/\/www.lasetatights.com\/pt\/wp-json\/wp\/v2\/product_tag?post=9848"}],"curies":[{"name":"wp","href":"https:\/\/api.w.org\/{rel}","templated":true}]}}