{"id":10182,"date":"2026-04-03T11:29:29","date_gmt":"2026-04-03T03:29:29","guid":{"rendered":"https:\/\/www.lasetatights.com\/?post_type=product&#038;p=10182"},"modified":"2026-04-15T09:39:57","modified_gmt":"2026-04-15T01:39:57","slug":"40d-plus-size-hip-control-micro-pressure-sheer-tights","status":"publish","type":"product","link":"https:\/\/www.lasetatights.com\/pt\/product\/40d-plus-size-hip-control-micro-pressure-sheer-tights\/","title":{"rendered":"40D Plus Size Hip Control Micro-pressure Sheer Tights"},"content":{"rendered":"","protected":false},"excerpt":{"rendered":"<p>A espessura do negador 40D atinge o equil\u00edbrio perfeito entre puro e opaco, efetivamente escondendo imperfec\u00e7\u00f5es nas pernas enquanto mant\u00e9m as cal\u00e7as. um olhar sensual, simples, criando um efeito natural e sofisticado de escova a \u00e9rea. Para usu\u00e1rios de maior tamanho, o controle abdominal \u00e9 uma caracter\u00edstica que deve ter; o design amplo e com cintura alta proporciona compress\u00e3o moderada para suavizar os contornos abdominais.<\/p>","protected":false},"featured_media":10183,"comment_status":"closed","ping_status":"closed","template":"","meta":[],"product_brand":[],"product_cat":[15,31,36],"product_tag":[],"class_list":{"0":"post-10182","1":"product","2":"type-product","3":"status-publish","4":"has-post-thumbnail","6":"product_cat-pantyhose","7":"product_cat-30-40denier-pantyhose","8":"product_cat-control-top-tights","10":"first","11":"instock","12":"shipping-taxable","13":"purchasable","14":"product-type-variable"},"_links":{"self":[{"href":"https:\/\/www.lasetatights.com\/pt\/wp-json\/wp\/v2\/product\/10182","targetHints":{"allow":["GET"]}}],"collection":[{"href":"https:\/\/www.lasetatights.com\/pt\/wp-json\/wp\/v2\/product"}],"about":[{"href":"https:\/\/www.lasetatights.com\/pt\/wp-json\/wp\/v2\/types\/product"}],"replies":[{"embeddable":true,"href":"https:\/\/www.lasetatights.com\/pt\/wp-json\/wp\/v2\/comments?post=10182"}],"wp:featuredmedia":[{"embeddable":true,"href":"https:\/\/www.lasetatights.com\/pt\/wp-json\/wp\/v2\/media\/10183"}],"wp:attachment":[{"href":"https:\/\/www.lasetatights.com\/pt\/wp-json\/wp\/v2\/media?parent=10182"}],"wp:term":[{"taxonomy":"product_brand","embeddable":true,"href":"https:\/\/www.lasetatights.com\/pt\/wp-json\/wp\/v2\/product_brand?post=10182"},{"taxonomy":"product_cat","embeddable":true,"href":"https:\/\/www.lasetatights.com\/pt\/wp-json\/wp\/v2\/product_cat?post=10182"},{"taxonomy":"product_tag","embeddable":true,"href":"https:\/\/www.lasetatights.com\/pt\/wp-json\/wp\/v2\/product_tag?post=10182"}],"curies":[{"name":"wp","href":"https:\/\/api.w.org\/{rel}","templated":true}]}}