{"id":10146,"date":"2026-04-07T16:28:18","date_gmt":"2026-04-07T08:28:18","guid":{"rendered":"https:\/\/www.lasetatights.com\/?post_type=product&#038;p=10146"},"modified":"2026-04-15T09:39:02","modified_gmt":"2026-04-15T01:39:02","slug":"70d-opaque-tummy-control-footless-tights","status":"publish","type":"product","link":"https:\/\/www.lasetatights.com\/pt\/product\/70d-opaque-tummy-control-footless-tights\/","title":{"rendered":"70D Opaque Tummy-Control Footless Tights"},"content":{"rendered":"","protected":false},"excerpt":{"rendered":"<p>Este par de velvet de controle abdominal de 70D sem p\u00e9 apertado oferece a mistura perfeita de conforto, efeito de forma e estilo. Integrar tecnologia de tecido de alto n\u00edvel e artesanato de adapta\u00e7\u00e3o tridimensional \u00e9 uma escolha ideal para viagens di\u00e1rias, atividades casuais ou roupa de casa.<\/p>\n<p>&nbsp;<\/p>","protected":false},"featured_media":10148,"comment_status":"closed","ping_status":"closed","template":"","meta":[],"product_brand":[],"product_cat":[36,23],"product_tag":[],"class_list":{"0":"post-10146","1":"product","2":"type-product","3":"status-publish","4":"has-post-thumbnail","6":"product_cat-control-top-tights","7":"product_cat-leggings","9":"first","10":"instock","11":"shipping-taxable","12":"purchasable","13":"product-type-variable"},"_links":{"self":[{"href":"https:\/\/www.lasetatights.com\/pt\/wp-json\/wp\/v2\/product\/10146","targetHints":{"allow":["GET"]}}],"collection":[{"href":"https:\/\/www.lasetatights.com\/pt\/wp-json\/wp\/v2\/product"}],"about":[{"href":"https:\/\/www.lasetatights.com\/pt\/wp-json\/wp\/v2\/types\/product"}],"replies":[{"embeddable":true,"href":"https:\/\/www.lasetatights.com\/pt\/wp-json\/wp\/v2\/comments?post=10146"}],"wp:featuredmedia":[{"embeddable":true,"href":"https:\/\/www.lasetatights.com\/pt\/wp-json\/wp\/v2\/media\/10148"}],"wp:attachment":[{"href":"https:\/\/www.lasetatights.com\/pt\/wp-json\/wp\/v2\/media?parent=10146"}],"wp:term":[{"taxonomy":"product_brand","embeddable":true,"href":"https:\/\/www.lasetatights.com\/pt\/wp-json\/wp\/v2\/product_brand?post=10146"},{"taxonomy":"product_cat","embeddable":true,"href":"https:\/\/www.lasetatights.com\/pt\/wp-json\/wp\/v2\/product_cat?post=10146"},{"taxonomy":"product_tag","embeddable":true,"href":"https:\/\/www.lasetatights.com\/pt\/wp-json\/wp\/v2\/product_tag?post=10146"}],"curies":[{"name":"wp","href":"https:\/\/api.w.org\/{rel}","templated":true}]}}