{"id":9991,"date":"2026-01-28T10:50:27","date_gmt":"2026-01-28T02:50:27","guid":{"rendered":"https:\/\/www.lasetatights.com\/?post_type=product&#038;p=9991"},"modified":"2026-02-03T15:59:05","modified_gmt":"2026-02-03T07:59:05","slug":"36243-30d-zebra-print-jacquard-tights","status":"publish","type":"product","link":"https:\/\/www.lasetatights.com\/fr\/product\/36243-30d-zebra-print-jacquard-tights\/","title":{"rendered":"36243- 30D Collants en jacquard \u00e0 impression z\u00e9bra"},"content":{"rendered":"","protected":false},"excerpt":{"rendered":"<p>Les rayures de z\u00e8bre classiques exudent un sens du style sauvage et indomit, polyvalent mais visuellement frappant. Elles surpassent les chaussettes monochromes simples et se sentent plus sophistiqu\u00e9es que les motifs color\u00e9s. Pour ceux qui poursuivent la mode et les tendances, cela fait un cadeau excellent et d\u00e9licieusement surprenant.<\/p>","protected":false},"featured_media":9992,"comment_status":"open","ping_status":"closed","template":"","meta":[],"product_brand":[],"product_cat":[15,40],"product_tag":[],"class_list":{"0":"post-9991","1":"product","2":"type-product","3":"status-publish","4":"has-post-thumbnail","6":"product_cat-pantyhose","7":"product_cat-patterned-tights","9":"first","10":"instock","11":"shipping-taxable","12":"purchasable","13":"product-type-variable"},"_links":{"self":[{"href":"https:\/\/www.lasetatights.com\/fr\/wp-json\/wp\/v2\/product\/9991","targetHints":{"allow":["GET"]}}],"collection":[{"href":"https:\/\/www.lasetatights.com\/fr\/wp-json\/wp\/v2\/product"}],"about":[{"href":"https:\/\/www.lasetatights.com\/fr\/wp-json\/wp\/v2\/types\/product"}],"replies":[{"embeddable":true,"href":"https:\/\/www.lasetatights.com\/fr\/wp-json\/wp\/v2\/comments?post=9991"}],"wp:featuredmedia":[{"embeddable":true,"href":"https:\/\/www.lasetatights.com\/fr\/wp-json\/wp\/v2\/media\/9992"}],"wp:attachment":[{"href":"https:\/\/www.lasetatights.com\/fr\/wp-json\/wp\/v2\/media?parent=9991"}],"wp:term":[{"taxonomy":"product_brand","embeddable":true,"href":"https:\/\/www.lasetatights.com\/fr\/wp-json\/wp\/v2\/product_brand?post=9991"},{"taxonomy":"product_cat","embeddable":true,"href":"https:\/\/www.lasetatights.com\/fr\/wp-json\/wp\/v2\/product_cat?post=9991"},{"taxonomy":"product_tag","embeddable":true,"href":"https:\/\/www.lasetatights.com\/fr\/wp-json\/wp\/v2\/product_tag?post=9991"}],"curies":[{"name":"wp","href":"https:\/\/api.w.org\/{rel}","templated":true}]}}