{"id":9979,"date":"2026-01-28T10:49:14","date_gmt":"2026-01-28T02:49:14","guid":{"rendered":"https:\/\/www.lasetatights.com\/?post_type=product&#038;p=9979"},"modified":"2026-01-28T11:56:20","modified_gmt":"2026-01-28T03:56:20","slug":"916006-15d-micro-pressure-control-top-tights","status":"publish","type":"product","link":"https:\/\/www.lasetatights.com\/fr\/product\/916006-15d-micro-pressure-control-top-tights\/","title":{"rendered":"916006-15D Micro-Contr\u00f4le de pression Top collants"},"content":{"rendered":"","protected":false},"excerpt":{"rendered":"<p>Le collant \u00e0 micro-compression 15D est un \u00ab \u00e9l\u00e9ment fonctionnel l\u00e9ger \u00bb positionn\u00e9 avec pr\u00e9cision qui \u00e9tablit un pr\u00e9cieux \u00e9quilibre entre une \u00ab sensation ultra-\u00e0 peine \u00bb et une \u00ab mise en forme substantielle \u00bb. Id\u00e9al pour les professionnels du bureau, les m\u00e8res post-partum et toutes les femmes \u00e0 la recherche d\u2019un \u00ab effet amincissant \u00bb lorsqu\u2019elles sont habill\u00e9es.<\/p>","protected":false},"featured_media":9980,"comment_status":"open","ping_status":"closed","template":"","meta":[],"product_brand":[],"product_cat":[15,30],"product_tag":[],"class_list":{"0":"post-9979","1":"product","2":"type-product","3":"status-publish","4":"has-post-thumbnail","6":"product_cat-pantyhose","7":"product_cat-5-20denier-pantyhose","9":"first","10":"instock","11":"shipping-taxable","12":"purchasable","13":"product-type-variable"},"_links":{"self":[{"href":"https:\/\/www.lasetatights.com\/fr\/wp-json\/wp\/v2\/product\/9979","targetHints":{"allow":["GET"]}}],"collection":[{"href":"https:\/\/www.lasetatights.com\/fr\/wp-json\/wp\/v2\/product"}],"about":[{"href":"https:\/\/www.lasetatights.com\/fr\/wp-json\/wp\/v2\/types\/product"}],"replies":[{"embeddable":true,"href":"https:\/\/www.lasetatights.com\/fr\/wp-json\/wp\/v2\/comments?post=9979"}],"wp:featuredmedia":[{"embeddable":true,"href":"https:\/\/www.lasetatights.com\/fr\/wp-json\/wp\/v2\/media\/9980"}],"wp:attachment":[{"href":"https:\/\/www.lasetatights.com\/fr\/wp-json\/wp\/v2\/media?parent=9979"}],"wp:term":[{"taxonomy":"product_brand","embeddable":true,"href":"https:\/\/www.lasetatights.com\/fr\/wp-json\/wp\/v2\/product_brand?post=9979"},{"taxonomy":"product_cat","embeddable":true,"href":"https:\/\/www.lasetatights.com\/fr\/wp-json\/wp\/v2\/product_cat?post=9979"},{"taxonomy":"product_tag","embeddable":true,"href":"https:\/\/www.lasetatights.com\/fr\/wp-json\/wp\/v2\/product_tag?post=9979"}],"curies":[{"name":"wp","href":"https:\/\/api.w.org\/{rel}","templated":true}]}}