{"id":9972,"date":"2026-01-28T10:41:00","date_gmt":"2026-01-28T02:41:00","guid":{"rendered":"https:\/\/www.lasetatights.com\/?post_type=product&#038;p=9972"},"modified":"2026-01-28T10:41:00","modified_gmt":"2026-01-28T02:41:00","slug":"36226-30d-side-letter-jacquard-tights","status":"publish","type":"product","link":"https:\/\/www.lasetatights.com\/fr\/product\/36226-30d-side-letter-jacquard-tights\/","title":{"rendered":"36226-30D Collants jacquard \u00e0 lettre lat\u00e9rale"},"content":{"rendered":"","protected":false},"excerpt":{"rendered":"<p>Le design des lettres lat\u00e9rales flatte \u00e9l\u00e9gantement la ligne des jambes, cr\u00e9ant un sentiment de fluidit\u00e9 et de sous-affirmation intentionnelle. Cette approche semble plus sophistiqu\u00e9e et intrigante qu'une impression pleine face, servant de porteur&#8217; d\u00e9claration la plus directe et personnalis\u00e9e.<\/p>","protected":false},"featured_media":9973,"comment_status":"open","ping_status":"closed","template":"","meta":[],"product_brand":[],"product_cat":[15,40],"product_tag":[],"class_list":{"0":"post-9972","1":"product","2":"type-product","3":"status-publish","4":"has-post-thumbnail","6":"product_cat-pantyhose","7":"product_cat-patterned-tights","9":"first","10":"instock","11":"shipping-taxable","12":"purchasable","13":"product-type-variable"},"_links":{"self":[{"href":"https:\/\/www.lasetatights.com\/fr\/wp-json\/wp\/v2\/product\/9972","targetHints":{"allow":["GET"]}}],"collection":[{"href":"https:\/\/www.lasetatights.com\/fr\/wp-json\/wp\/v2\/product"}],"about":[{"href":"https:\/\/www.lasetatights.com\/fr\/wp-json\/wp\/v2\/types\/product"}],"replies":[{"embeddable":true,"href":"https:\/\/www.lasetatights.com\/fr\/wp-json\/wp\/v2\/comments?post=9972"}],"wp:featuredmedia":[{"embeddable":true,"href":"https:\/\/www.lasetatights.com\/fr\/wp-json\/wp\/v2\/media\/9973"}],"wp:attachment":[{"href":"https:\/\/www.lasetatights.com\/fr\/wp-json\/wp\/v2\/media?parent=9972"}],"wp:term":[{"taxonomy":"product_brand","embeddable":true,"href":"https:\/\/www.lasetatights.com\/fr\/wp-json\/wp\/v2\/product_brand?post=9972"},{"taxonomy":"product_cat","embeddable":true,"href":"https:\/\/www.lasetatights.com\/fr\/wp-json\/wp\/v2\/product_cat?post=9972"},{"taxonomy":"product_tag","embeddable":true,"href":"https:\/\/www.lasetatights.com\/fr\/wp-json\/wp\/v2\/product_tag?post=9972"}],"curies":[{"name":"wp","href":"https:\/\/api.w.org\/{rel}","templated":true}]}}