{"id":9965,"date":"2026-01-28T10:36:35","date_gmt":"2026-01-28T02:36:35","guid":{"rendered":"https:\/\/www.lasetatights.com\/?post_type=product&#038;p=9965"},"modified":"2026-01-29T09:31:17","modified_gmt":"2026-01-29T01:31:17","slug":"36282-20d-sexy-t-crotch-v-shape-faux-mid-calf-design-pantyhose","status":"publish","type":"product","link":"https:\/\/www.lasetatights.com\/fr\/product\/36282-20d-sexy-t-crotch-v-shape-faux-mid-calf-design-pantyhose\/","title":{"rendered":"36282-20D Sexy T-Crotch V forme Faux Mid-veau Design Collant"},"content":{"rendered":"","protected":false},"excerpt":{"rendered":"<p>Fabriqu\u00e9 en fil filat \u00e0 coeur de haute densit\u00e9, ces collants offrent une excellente r\u00e9sistance aux accrochages tout en pr\u00e9sentant un motif en jacquard tridimensionnel. La zone triangulaire renforc\u00e9e am\u00e9liore la durabilit\u00e9, et ils peuvent \u00eatre jumel\u00e9s avec des jupes ou un pantalon, vous aidant \u00e0 obtenir un style unique pour les trajets quotidiens, les dates ou les rassemblements.<\/p>","protected":false},"featured_media":9970,"comment_status":"open","ping_status":"closed","template":"","meta":[],"product_brand":[],"product_cat":[15,30],"product_tag":[],"class_list":{"0":"post-9965","1":"product","2":"type-product","3":"status-publish","4":"has-post-thumbnail","6":"product_cat-pantyhose","7":"product_cat-5-20denier-pantyhose","9":"first","10":"instock","11":"shipping-taxable","12":"purchasable","13":"product-type-variable"},"_links":{"self":[{"href":"https:\/\/www.lasetatights.com\/fr\/wp-json\/wp\/v2\/product\/9965","targetHints":{"allow":["GET"]}}],"collection":[{"href":"https:\/\/www.lasetatights.com\/fr\/wp-json\/wp\/v2\/product"}],"about":[{"href":"https:\/\/www.lasetatights.com\/fr\/wp-json\/wp\/v2\/types\/product"}],"replies":[{"embeddable":true,"href":"https:\/\/www.lasetatights.com\/fr\/wp-json\/wp\/v2\/comments?post=9965"}],"wp:featuredmedia":[{"embeddable":true,"href":"https:\/\/www.lasetatights.com\/fr\/wp-json\/wp\/v2\/media\/9970"}],"wp:attachment":[{"href":"https:\/\/www.lasetatights.com\/fr\/wp-json\/wp\/v2\/media?parent=9965"}],"wp:term":[{"taxonomy":"product_brand","embeddable":true,"href":"https:\/\/www.lasetatights.com\/fr\/wp-json\/wp\/v2\/product_brand?post=9965"},{"taxonomy":"product_cat","embeddable":true,"href":"https:\/\/www.lasetatights.com\/fr\/wp-json\/wp\/v2\/product_cat?post=9965"},{"taxonomy":"product_tag","embeddable":true,"href":"https:\/\/www.lasetatights.com\/fr\/wp-json\/wp\/v2\/product_tag?post=9965"}],"curies":[{"name":"wp","href":"https:\/\/api.w.org\/{rel}","templated":true}]}}