{"id":9946,"date":"2026-01-28T10:30:05","date_gmt":"2026-01-28T02:30:05","guid":{"rendered":"https:\/\/www.lasetatights.com\/?post_type=product&#038;p=9946"},"modified":"2026-04-17T14:21:43","modified_gmt":"2026-04-17T06:21:43","slug":"36212-30d-leopard-print-jacquard-tights","status":"publish","type":"product","link":"https:\/\/www.lasetatights.com\/fr\/product\/36212-30d-leopard-print-jacquard-tights\/","title":{"rendered":"36212- 30D Collant jacquard imprim\u00e9 l\u00e9opard"},"content":{"rendered":"","protected":false},"excerpt":{"rendered":"<p>L'impression l\u00e9opard est un symbole intemporel de sensualit\u00e9 et de sauvage, exudant style et flair avant-gardiste. Il donne le ton \u00e0 une tenue enti\u00e8re avec ses vibes \u00ab sexy \u00bb, \u00ab \u00e0 la pointe \u00bb et \u00ab r\u00e9tro \u00bb, ce qui la rend parfaite pour les festivals de musique, les bo\u00eetes de nuit, les spectacles sur sc\u00e8ne et les occasions similaires.<\/p>","protected":false},"featured_media":9948,"comment_status":"open","ping_status":"closed","template":"","meta":[],"product_brand":[],"product_cat":[15,28,40],"product_tag":[],"class_list":{"0":"post-9946","1":"product","2":"type-product","3":"status-publish","4":"has-post-thumbnail","6":"product_cat-pantyhose","7":"product_cat-holiday-theme","8":"product_cat-patterned-tights","10":"first","11":"instock","12":"shipping-taxable","13":"purchasable","14":"product-type-variable"},"_links":{"self":[{"href":"https:\/\/www.lasetatights.com\/fr\/wp-json\/wp\/v2\/product\/9946","targetHints":{"allow":["GET"]}}],"collection":[{"href":"https:\/\/www.lasetatights.com\/fr\/wp-json\/wp\/v2\/product"}],"about":[{"href":"https:\/\/www.lasetatights.com\/fr\/wp-json\/wp\/v2\/types\/product"}],"replies":[{"embeddable":true,"href":"https:\/\/www.lasetatights.com\/fr\/wp-json\/wp\/v2\/comments?post=9946"}],"wp:featuredmedia":[{"embeddable":true,"href":"https:\/\/www.lasetatights.com\/fr\/wp-json\/wp\/v2\/media\/9948"}],"wp:attachment":[{"href":"https:\/\/www.lasetatights.com\/fr\/wp-json\/wp\/v2\/media?parent=9946"}],"wp:term":[{"taxonomy":"product_brand","embeddable":true,"href":"https:\/\/www.lasetatights.com\/fr\/wp-json\/wp\/v2\/product_brand?post=9946"},{"taxonomy":"product_cat","embeddable":true,"href":"https:\/\/www.lasetatights.com\/fr\/wp-json\/wp\/v2\/product_cat?post=9946"},{"taxonomy":"product_tag","embeddable":true,"href":"https:\/\/www.lasetatights.com\/fr\/wp-json\/wp\/v2\/product_tag?post=9946"}],"curies":[{"name":"wp","href":"https:\/\/api.w.org\/{rel}","templated":true}]}}