{"id":9920,"date":"2026-01-28T10:14:14","date_gmt":"2026-01-28T02:14:14","guid":{"rendered":"https:\/\/www.lasetatights.com\/?post_type=product&#038;p=9920"},"modified":"2026-01-29T09:36:02","modified_gmt":"2026-01-29T01:36:02","slug":"36028-20d-back-seam-jacquard-tights","status":"publish","type":"product","link":"https:\/\/www.lasetatights.com\/fr\/product\/36028-20d-back-seam-jacquard-tights\/","title":{"rendered":"36028-20D Collants en jacquard \u00e0 couture arri\u00e8re"},"content":{"rendered":"","protected":false},"excerpt":{"rendered":"<p>Le style 20 denier est l\u00e9ger, offrant un look naturel \u00e0 jambes nues. Sa conception verticale de couture arri\u00e8re cr\u00e9e une silhouette mince et sexy visuellement. Fait de tissu de soie fil\u00e9 au noyau, il est soyeux, respectueux de la peau et non restrictif, \u00e9liminant l'humidit\u00e9 m\u00eame avec une usure prolong\u00e9e - parfait pour toutes les occasions de la journ\u00e9e telles que les trajets et les dates.<\/p>","protected":false},"featured_media":9922,"comment_status":"open","ping_status":"closed","template":"","meta":[],"product_brand":[],"product_cat":[15,30],"product_tag":[],"class_list":{"0":"post-9920","1":"product","2":"type-product","3":"status-publish","4":"has-post-thumbnail","6":"product_cat-pantyhose","7":"product_cat-5-20denier-pantyhose","9":"first","10":"instock","11":"shipping-taxable","12":"purchasable","13":"product-type-variable"},"_links":{"self":[{"href":"https:\/\/www.lasetatights.com\/fr\/wp-json\/wp\/v2\/product\/9920","targetHints":{"allow":["GET"]}}],"collection":[{"href":"https:\/\/www.lasetatights.com\/fr\/wp-json\/wp\/v2\/product"}],"about":[{"href":"https:\/\/www.lasetatights.com\/fr\/wp-json\/wp\/v2\/types\/product"}],"replies":[{"embeddable":true,"href":"https:\/\/www.lasetatights.com\/fr\/wp-json\/wp\/v2\/comments?post=9920"}],"wp:featuredmedia":[{"embeddable":true,"href":"https:\/\/www.lasetatights.com\/fr\/wp-json\/wp\/v2\/media\/9922"}],"wp:attachment":[{"href":"https:\/\/www.lasetatights.com\/fr\/wp-json\/wp\/v2\/media?parent=9920"}],"wp:term":[{"taxonomy":"product_brand","embeddable":true,"href":"https:\/\/www.lasetatights.com\/fr\/wp-json\/wp\/v2\/product_brand?post=9920"},{"taxonomy":"product_cat","embeddable":true,"href":"https:\/\/www.lasetatights.com\/fr\/wp-json\/wp\/v2\/product_cat?post=9920"},{"taxonomy":"product_tag","embeddable":true,"href":"https:\/\/www.lasetatights.com\/fr\/wp-json\/wp\/v2\/product_tag?post=9920"}],"curies":[{"name":"wp","href":"https:\/\/api.w.org\/{rel}","templated":true}]}}