{"id":9913,"date":"2026-01-28T10:07:54","date_gmt":"2026-01-28T02:07:54","guid":{"rendered":"https:\/\/www.lasetatights.com\/?post_type=product&#038;p=9913"},"modified":"2026-01-28T10:07:55","modified_gmt":"2026-01-28T02:07:55","slug":"16539-10d-ultra-thin-toeless-pantyhose","status":"publish","type":"product","link":"https:\/\/www.lasetatights.com\/fr\/product\/16539-10d-ultra-thin-toeless-pantyhose\/","title":{"rendered":"16539-10D Collant ultra mince sans orteils"},"content":{"rendered":"","protected":false},"excerpt":{"rendered":"<p>Les chaussettes en fil filant \u00e0 noyau 10D \u00e9liminent parfaitement l'embarras des collants traditionnels lorsqu'ils sont associ\u00e9s \u00e0 des sandales, en vertu du design innovant du pied et de l'artisanat du fil filant \u00e0 noyau ultra-fin, permettant un \u00e9quilibre intelligent entre la mise en forme invisible et la libert\u00e9 de la mode.<\/p>","protected":false},"featured_media":9939,"comment_status":"open","ping_status":"closed","template":"","meta":[],"product_brand":[],"product_cat":[15,48],"product_tag":[],"class_list":{"0":"post-9913","1":"product","2":"type-product","3":"status-publish","4":"has-post-thumbnail","6":"product_cat-pantyhose","7":"product_cat-toeless-tights","9":"first","10":"instock","11":"shipping-taxable","12":"purchasable","13":"product-type-variable"},"_links":{"self":[{"href":"https:\/\/www.lasetatights.com\/fr\/wp-json\/wp\/v2\/product\/9913","targetHints":{"allow":["GET"]}}],"collection":[{"href":"https:\/\/www.lasetatights.com\/fr\/wp-json\/wp\/v2\/product"}],"about":[{"href":"https:\/\/www.lasetatights.com\/fr\/wp-json\/wp\/v2\/types\/product"}],"replies":[{"embeddable":true,"href":"https:\/\/www.lasetatights.com\/fr\/wp-json\/wp\/v2\/comments?post=9913"}],"wp:featuredmedia":[{"embeddable":true,"href":"https:\/\/www.lasetatights.com\/fr\/wp-json\/wp\/v2\/media\/9939"}],"wp:attachment":[{"href":"https:\/\/www.lasetatights.com\/fr\/wp-json\/wp\/v2\/media?parent=9913"}],"wp:term":[{"taxonomy":"product_brand","embeddable":true,"href":"https:\/\/www.lasetatights.com\/fr\/wp-json\/wp\/v2\/product_brand?post=9913"},{"taxonomy":"product_cat","embeddable":true,"href":"https:\/\/www.lasetatights.com\/fr\/wp-json\/wp\/v2\/product_cat?post=9913"},{"taxonomy":"product_tag","embeddable":true,"href":"https:\/\/www.lasetatights.com\/fr\/wp-json\/wp\/v2\/product_tag?post=9913"}],"curies":[{"name":"wp","href":"https:\/\/api.w.org\/{rel}","templated":true}]}}