{"id":9871,"date":"2026-01-28T09:51:45","date_gmt":"2026-01-28T01:51:45","guid":{"rendered":"https:\/\/www.lasetatights.com\/?post_type=product&#038;p=9871"},"modified":"2026-01-28T10:02:12","modified_gmt":"2026-01-28T02:02:12","slug":"16540-mid-calf-length-lace-up-jacquard-tights-2","status":"publish","type":"product","link":"https:\/\/www.lasetatights.com\/fr\/product\/16540-mid-calf-length-lace-up-jacquard-tights-2\/","title":{"rendered":"16540- Collants jacquard \u00e0 lacettes de longueur moyenne"},"content":{"rendered":"","protected":false},"excerpt":{"rendered":"<p>C'est une pi\u00e8ce de mode exceptionnellement unique et hautement fonctionnelle qui combine la mise en forme, la r\u00e9sistance au glissement et les caract\u00e9ristiques qui d\u00e9finissent le style. Con\u00e7u pour les femmes \u00e0 l'avant-garde de la mode qui aspirent \u00e0 l'ultime dans les looks sculpt\u00e9s et adorent l'esth\u00e9tique vintage.<\/p>","protected":false},"featured_media":9872,"comment_status":"open","ping_status":"closed","template":"","meta":[],"product_brand":[],"product_cat":[15,40],"product_tag":[],"class_list":{"0":"post-9871","1":"product","2":"type-product","3":"status-publish","4":"has-post-thumbnail","6":"product_cat-pantyhose","7":"product_cat-patterned-tights","9":"first","10":"instock","11":"shipping-taxable","12":"purchasable","13":"product-type-variable"},"_links":{"self":[{"href":"https:\/\/www.lasetatights.com\/fr\/wp-json\/wp\/v2\/product\/9871","targetHints":{"allow":["GET"]}}],"collection":[{"href":"https:\/\/www.lasetatights.com\/fr\/wp-json\/wp\/v2\/product"}],"about":[{"href":"https:\/\/www.lasetatights.com\/fr\/wp-json\/wp\/v2\/types\/product"}],"replies":[{"embeddable":true,"href":"https:\/\/www.lasetatights.com\/fr\/wp-json\/wp\/v2\/comments?post=9871"}],"wp:featuredmedia":[{"embeddable":true,"href":"https:\/\/www.lasetatights.com\/fr\/wp-json\/wp\/v2\/media\/9872"}],"wp:attachment":[{"href":"https:\/\/www.lasetatights.com\/fr\/wp-json\/wp\/v2\/media?parent=9871"}],"wp:term":[{"taxonomy":"product_brand","embeddable":true,"href":"https:\/\/www.lasetatights.com\/fr\/wp-json\/wp\/v2\/product_brand?post=9871"},{"taxonomy":"product_cat","embeddable":true,"href":"https:\/\/www.lasetatights.com\/fr\/wp-json\/wp\/v2\/product_cat?post=9871"},{"taxonomy":"product_tag","embeddable":true,"href":"https:\/\/www.lasetatights.com\/fr\/wp-json\/wp\/v2\/product_tag?post=9871"}],"curies":[{"name":"wp","href":"https:\/\/api.w.org\/{rel}","templated":true}]}}