{"id":9735,"date":"2026-01-27T17:27:42","date_gmt":"2026-01-27T09:27:42","guid":{"rendered":"https:\/\/www.lasetatights.com\/?post_type=product&#038;p=9735"},"modified":"2026-01-29T09:43:08","modified_gmt":"2026-01-29T01:43:08","slug":"70d-velvet-cropped-tights","status":"publish","type":"product","link":"https:\/\/www.lasetatights.com\/fr\/product\/70d-velvet-cropped-tights\/","title":{"rendered":"Collants coup\u00e9s en velours 70D"},"content":{"rendered":"<p>Cette paire de collants en velours coup\u00e9s 70D anti-ventre offre le m\u00e9lange parfait de confort, d'effet de fa\u00e7onnage et de style. Int\u00e9grant une technologie de tissu de haut niveau et un savoir-faire de couture tridimensionnel, il est un choix id\u00e9al pour les d\u00e9placements quotidiens, les activit\u00e9s d\u00e9contract\u00e9es ou les v\u00eatements \u00e0 la maison.<\/p>","protected":false},"excerpt":{"rendered":"<p>Cette paire de collants en velours coup\u00e9s 70D anti-ventre offre le m\u00e9lange parfait de confort, d'effet de fa\u00e7onnage et de style. Int\u00e9grant une technologie de tissu de haut niveau et un savoir-faire de couture tridimensionnel, il est un choix id\u00e9al pour les d\u00e9placements quotidiens, les activit\u00e9s d\u00e9contract\u00e9es ou les v\u00eatements \u00e0 la maison.<\/p>","protected":false},"featured_media":9743,"comment_status":"open","ping_status":"closed","template":"","meta":[],"product_brand":[],"product_cat":[23],"product_tag":[],"class_list":{"0":"post-9735","1":"product","2":"type-product","3":"status-publish","4":"has-post-thumbnail","6":"product_cat-leggings","8":"first","9":"instock","10":"shipping-taxable","11":"purchasable","12":"product-type-variable"},"_links":{"self":[{"href":"https:\/\/www.lasetatights.com\/fr\/wp-json\/wp\/v2\/product\/9735","targetHints":{"allow":["GET"]}}],"collection":[{"href":"https:\/\/www.lasetatights.com\/fr\/wp-json\/wp\/v2\/product"}],"about":[{"href":"https:\/\/www.lasetatights.com\/fr\/wp-json\/wp\/v2\/types\/product"}],"replies":[{"embeddable":true,"href":"https:\/\/www.lasetatights.com\/fr\/wp-json\/wp\/v2\/comments?post=9735"}],"wp:featuredmedia":[{"embeddable":true,"href":"https:\/\/www.lasetatights.com\/fr\/wp-json\/wp\/v2\/media\/9743"}],"wp:attachment":[{"href":"https:\/\/www.lasetatights.com\/fr\/wp-json\/wp\/v2\/media?parent=9735"}],"wp:term":[{"taxonomy":"product_brand","embeddable":true,"href":"https:\/\/www.lasetatights.com\/fr\/wp-json\/wp\/v2\/product_brand?post=9735"},{"taxonomy":"product_cat","embeddable":true,"href":"https:\/\/www.lasetatights.com\/fr\/wp-json\/wp\/v2\/product_cat?post=9735"},{"taxonomy":"product_tag","embeddable":true,"href":"https:\/\/www.lasetatights.com\/fr\/wp-json\/wp\/v2\/product_tag?post=9735"}],"curies":[{"name":"wp","href":"https:\/\/api.w.org\/{rel}","templated":true}]}}