{"id":9726,"date":"2026-01-27T17:43:14","date_gmt":"2026-01-27T09:43:14","guid":{"rendered":"https:\/\/www.lasetatights.com\/?post_type=product&#038;p=9726"},"modified":"2026-01-27T18:38:36","modified_gmt":"2026-01-27T10:38:36","slug":"36206-30d-core-spun-yarn-polka-dot-jacquard-pantyhose","status":"publish","type":"product","link":"https:\/\/www.lasetatights.com\/fr\/product\/36206-30d-core-spun-yarn-polka-dot-jacquard-pantyhose\/","title":{"rendered":"36206-30D Core-fil\u00e9 fil Polka Dot Jacquard collant"},"content":{"rendered":"","protected":false},"excerpt":{"rendered":"<p>Le tissu de fil filat \u00e0 noyau de qualit\u00e9 sup\u00e9rieure offre une \u00e9lasticit\u00e9 sup\u00e9rieure et r\u00e9siste \u00e0 la d\u00e9formation m\u00eame apr\u00e8s des \u00e9tirements r\u00e9p\u00e9t\u00e9s. Le design r\u00e9tro polka dot diminue et allonge visuellement vos lignes de jambe, ce qui le rend parfait pour diverses occasions.<\/p>\n<p>&nbsp;<\/p>","protected":false},"featured_media":9734,"comment_status":"open","ping_status":"closed","template":"","meta":[],"product_brand":[],"product_cat":[15,40],"product_tag":[],"class_list":{"0":"post-9726","1":"product","2":"type-product","3":"status-publish","4":"has-post-thumbnail","6":"product_cat-pantyhose","7":"product_cat-patterned-tights","9":"first","10":"instock","11":"shipping-taxable","12":"purchasable","13":"product-type-variable"},"_links":{"self":[{"href":"https:\/\/www.lasetatights.com\/fr\/wp-json\/wp\/v2\/product\/9726","targetHints":{"allow":["GET"]}}],"collection":[{"href":"https:\/\/www.lasetatights.com\/fr\/wp-json\/wp\/v2\/product"}],"about":[{"href":"https:\/\/www.lasetatights.com\/fr\/wp-json\/wp\/v2\/types\/product"}],"replies":[{"embeddable":true,"href":"https:\/\/www.lasetatights.com\/fr\/wp-json\/wp\/v2\/comments?post=9726"}],"wp:featuredmedia":[{"embeddable":true,"href":"https:\/\/www.lasetatights.com\/fr\/wp-json\/wp\/v2\/media\/9734"}],"wp:attachment":[{"href":"https:\/\/www.lasetatights.com\/fr\/wp-json\/wp\/v2\/media?parent=9726"}],"wp:term":[{"taxonomy":"product_brand","embeddable":true,"href":"https:\/\/www.lasetatights.com\/fr\/wp-json\/wp\/v2\/product_brand?post=9726"},{"taxonomy":"product_cat","embeddable":true,"href":"https:\/\/www.lasetatights.com\/fr\/wp-json\/wp\/v2\/product_cat?post=9726"},{"taxonomy":"product_tag","embeddable":true,"href":"https:\/\/www.lasetatights.com\/fr\/wp-json\/wp\/v2\/product_tag?post=9726"}],"curies":[{"name":"wp","href":"https:\/\/api.w.org\/{rel}","templated":true}]}}