{"id":9717,"date":"2026-01-27T17:44:43","date_gmt":"2026-01-27T09:44:43","guid":{"rendered":"https:\/\/www.lasetatights.com\/?post_type=product&#038;p=9717"},"modified":"2026-01-28T18:57:51","modified_gmt":"2026-01-28T10:57:51","slug":"16408-20-denier-womens-shaping-sheer-tights","status":"publish","type":"product","link":"https:\/\/www.lasetatights.com\/fr\/product\/16408-20-denier-womens-shaping-sheer-tights\/","title":{"rendered":"16408- 20 Denier Femmes&#8217; s Shaping Sheer collants"},"content":{"rendered":"","protected":false},"excerpt":{"rendered":"<p>Les bas 20D obtiennent un \u00e9clat subtil semblable \u00e0 la peau et un effet visuel presque nu, parfait pour les femmes qui recherchent un look naturel, peau nue, donnent la priorit\u00e9 au confort, d\u00e9sirent contourer les jambes tous les jours sans para\u00eetre trop stylis\u00e9es et ont des exigences minimales en mati\u00e8re d'\u00e9paisseur et de chaleur.<\/p>","protected":false},"featured_media":9724,"comment_status":"open","ping_status":"closed","template":"","meta":[],"product_brand":[],"product_cat":[15,30],"product_tag":[],"class_list":{"0":"post-9717","1":"product","2":"type-product","3":"status-publish","4":"has-post-thumbnail","6":"product_cat-pantyhose","7":"product_cat-5-20denier-pantyhose","9":"first","10":"instock","11":"shipping-taxable","12":"purchasable","13":"product-type-variable"},"_links":{"self":[{"href":"https:\/\/www.lasetatights.com\/fr\/wp-json\/wp\/v2\/product\/9717","targetHints":{"allow":["GET"]}}],"collection":[{"href":"https:\/\/www.lasetatights.com\/fr\/wp-json\/wp\/v2\/product"}],"about":[{"href":"https:\/\/www.lasetatights.com\/fr\/wp-json\/wp\/v2\/types\/product"}],"replies":[{"embeddable":true,"href":"https:\/\/www.lasetatights.com\/fr\/wp-json\/wp\/v2\/comments?post=9717"}],"wp:featuredmedia":[{"embeddable":true,"href":"https:\/\/www.lasetatights.com\/fr\/wp-json\/wp\/v2\/media\/9724"}],"wp:attachment":[{"href":"https:\/\/www.lasetatights.com\/fr\/wp-json\/wp\/v2\/media?parent=9717"}],"wp:term":[{"taxonomy":"product_brand","embeddable":true,"href":"https:\/\/www.lasetatights.com\/fr\/wp-json\/wp\/v2\/product_brand?post=9717"},{"taxonomy":"product_cat","embeddable":true,"href":"https:\/\/www.lasetatights.com\/fr\/wp-json\/wp\/v2\/product_cat?post=9717"},{"taxonomy":"product_tag","embeddable":true,"href":"https:\/\/www.lasetatights.com\/fr\/wp-json\/wp\/v2\/product_tag?post=9717"}],"curies":[{"name":"wp","href":"https:\/\/api.w.org\/{rel}","templated":true}]}}