{"id":9679,"date":"2026-01-27T16:25:45","date_gmt":"2026-01-27T08:25:45","guid":{"rendered":"https:\/\/www.lasetatights.com\/?post_type=product&#038;p=9679"},"modified":"2026-01-29T09:43:55","modified_gmt":"2026-01-29T01:43:55","slug":"16039-10d-ultra-thin-t-crotch-sheer-tights","status":"publish","type":"product","link":"https:\/\/www.lasetatights.com\/fr\/product\/16039-10d-ultra-thin-t-crotch-sheer-tights\/","title":{"rendered":"16039- 10D Ultra-mince T-crotch Sheer collants"},"content":{"rendered":"","protected":false},"excerpt":{"rendered":"<p>Le collant en soie 10D \u00e0 fil de noyau offre une exp\u00e9rience de port \u00e0 peau nue ultime. Sa conception de gousset de tanga \u00e9limine les groupements de tissu dans la zone de l'entrejambe et assure une excellente respirabilit\u00e9, ce qui le rend id\u00e9al pour les milieux professionnels tels que les occasions formelles d'affaires et les r\u00e9ceptions d'\u00e9tiquette o\u00f9 une image polie est n\u00e9cessaire.<\/p>","protected":false},"featured_media":9688,"comment_status":"open","ping_status":"closed","template":"","meta":[],"product_brand":[],"product_cat":[15,30],"product_tag":[],"class_list":{"0":"post-9679","1":"product","2":"type-product","3":"status-publish","4":"has-post-thumbnail","6":"product_cat-pantyhose","7":"product_cat-5-20denier-pantyhose","9":"first","10":"instock","11":"shipping-taxable","12":"purchasable","13":"product-type-variable"},"_links":{"self":[{"href":"https:\/\/www.lasetatights.com\/fr\/wp-json\/wp\/v2\/product\/9679","targetHints":{"allow":["GET"]}}],"collection":[{"href":"https:\/\/www.lasetatights.com\/fr\/wp-json\/wp\/v2\/product"}],"about":[{"href":"https:\/\/www.lasetatights.com\/fr\/wp-json\/wp\/v2\/types\/product"}],"replies":[{"embeddable":true,"href":"https:\/\/www.lasetatights.com\/fr\/wp-json\/wp\/v2\/comments?post=9679"}],"wp:featuredmedia":[{"embeddable":true,"href":"https:\/\/www.lasetatights.com\/fr\/wp-json\/wp\/v2\/media\/9688"}],"wp:attachment":[{"href":"https:\/\/www.lasetatights.com\/fr\/wp-json\/wp\/v2\/media?parent=9679"}],"wp:term":[{"taxonomy":"product_brand","embeddable":true,"href":"https:\/\/www.lasetatights.com\/fr\/wp-json\/wp\/v2\/product_brand?post=9679"},{"taxonomy":"product_cat","embeddable":true,"href":"https:\/\/www.lasetatights.com\/fr\/wp-json\/wp\/v2\/product_cat?post=9679"},{"taxonomy":"product_tag","embeddable":true,"href":"https:\/\/www.lasetatights.com\/fr\/wp-json\/wp\/v2\/product_tag?post=9679"}],"curies":[{"name":"wp","href":"https:\/\/api.w.org\/{rel}","templated":true}]}}