{"id":9672,"date":"2026-01-27T15:59:36","date_gmt":"2026-01-27T07:59:36","guid":{"rendered":"https:\/\/www.lasetatights.com\/?post_type=product&#038;p=9672"},"modified":"2026-01-27T17:09:05","modified_gmt":"2026-01-27T09:09:05","slug":"20d-back-seam-lace-stay-ups","status":"publish","type":"product","link":"https:\/\/www.lasetatights.com\/fr\/product\/20d-back-seam-lace-stay-ups\/","title":{"rendered":"20D arri\u00e8re-couture dentelle rester Ups"},"content":{"rendered":"","protected":false},"excerpt":{"rendered":"<p>Le manchet de chaussette pr\u00e9sente un design de dentelle ouvert, ressemblant \u00e0 un \u00e9l\u00e9gant \u00ab tatouage \u00bb ou garniture qui met l\u2019accent sur le raffinement au-dessus de l\u2019exc\u00e8s. Deux lignes verticales le long de l'arri\u00e8re de la jambe allongent la silhouette, ce qui les rend parfaits pour les dates, les trajets quotidiens et d'autres occasions.<\/p>","protected":false},"featured_media":9673,"comment_status":"open","ping_status":"closed","template":"","meta":[],"product_brand":[],"product_cat":[50,21],"product_tag":[],"class_list":{"0":"post-9672","1":"product","2":"type-product","3":"status-publish","4":"has-post-thumbnail","6":"product_cat-lace-top-stay-ups","7":"product_cat-stay-ups","9":"first","10":"instock","11":"shipping-taxable","12":"purchasable","13":"product-type-variable"},"_links":{"self":[{"href":"https:\/\/www.lasetatights.com\/fr\/wp-json\/wp\/v2\/product\/9672","targetHints":{"allow":["GET"]}}],"collection":[{"href":"https:\/\/www.lasetatights.com\/fr\/wp-json\/wp\/v2\/product"}],"about":[{"href":"https:\/\/www.lasetatights.com\/fr\/wp-json\/wp\/v2\/types\/product"}],"replies":[{"embeddable":true,"href":"https:\/\/www.lasetatights.com\/fr\/wp-json\/wp\/v2\/comments?post=9672"}],"wp:featuredmedia":[{"embeddable":true,"href":"https:\/\/www.lasetatights.com\/fr\/wp-json\/wp\/v2\/media\/9673"}],"wp:attachment":[{"href":"https:\/\/www.lasetatights.com\/fr\/wp-json\/wp\/v2\/media?parent=9672"}],"wp:term":[{"taxonomy":"product_brand","embeddable":true,"href":"https:\/\/www.lasetatights.com\/fr\/wp-json\/wp\/v2\/product_brand?post=9672"},{"taxonomy":"product_cat","embeddable":true,"href":"https:\/\/www.lasetatights.com\/fr\/wp-json\/wp\/v2\/product_cat?post=9672"},{"taxonomy":"product_tag","embeddable":true,"href":"https:\/\/www.lasetatights.com\/fr\/wp-json\/wp\/v2\/product_tag?post=9672"}],"curies":[{"name":"wp","href":"https:\/\/api.w.org\/{rel}","templated":true}]}}