{"id":9656,"date":"2026-01-27T15:12:16","date_gmt":"2026-01-27T07:12:16","guid":{"rendered":"https:\/\/www.lasetatights.com\/?post_type=product&#038;p=9656"},"modified":"2026-01-27T16:04:02","modified_gmt":"2026-01-27T08:04:02","slug":"20d-lace-stay-ups-14021","status":"publish","type":"product","link":"https:\/\/www.lasetatights.com\/fr\/product\/20d-lace-stay-ups-14021\/","title":{"rendered":"20D dentelle rester Ups"},"content":{"rendered":"","protected":false},"excerpt":{"rendered":"<p>Les hauteurs de cuisse en silicone ne sont plus seulement des accessoires jetables pour les s\u00e9ances photo. Ils&#8217; Nous avons \u00e9volu\u00e9 pour devenir un \u00ab \u00e9quipement sexy pratique \u00bb vraiment portable et fonctionnel qui reste parfaitement en place pendant que vous courez, vous asseyez pendant des heures ou dansez. Les manchettes ont gagn\u00e9&#8217; t bouger un pouce, vous lib\u00e9rant de toute inqui\u00e9tude concernant votre apparence.<\/p>","protected":false},"featured_media":9665,"comment_status":"open","ping_status":"closed","template":"","meta":[],"product_brand":[],"product_cat":[50,21],"product_tag":[],"class_list":{"0":"post-9656","1":"product","2":"type-product","3":"status-publish","4":"has-post-thumbnail","6":"product_cat-lace-top-stay-ups","7":"product_cat-stay-ups","9":"first","10":"instock","11":"shipping-taxable","12":"purchasable","13":"product-type-variable"},"_links":{"self":[{"href":"https:\/\/www.lasetatights.com\/fr\/wp-json\/wp\/v2\/product\/9656","targetHints":{"allow":["GET"]}}],"collection":[{"href":"https:\/\/www.lasetatights.com\/fr\/wp-json\/wp\/v2\/product"}],"about":[{"href":"https:\/\/www.lasetatights.com\/fr\/wp-json\/wp\/v2\/types\/product"}],"replies":[{"embeddable":true,"href":"https:\/\/www.lasetatights.com\/fr\/wp-json\/wp\/v2\/comments?post=9656"}],"wp:featuredmedia":[{"embeddable":true,"href":"https:\/\/www.lasetatights.com\/fr\/wp-json\/wp\/v2\/media\/9665"}],"wp:attachment":[{"href":"https:\/\/www.lasetatights.com\/fr\/wp-json\/wp\/v2\/media?parent=9656"}],"wp:term":[{"taxonomy":"product_brand","embeddable":true,"href":"https:\/\/www.lasetatights.com\/fr\/wp-json\/wp\/v2\/product_brand?post=9656"},{"taxonomy":"product_cat","embeddable":true,"href":"https:\/\/www.lasetatights.com\/fr\/wp-json\/wp\/v2\/product_cat?post=9656"},{"taxonomy":"product_tag","embeddable":true,"href":"https:\/\/www.lasetatights.com\/fr\/wp-json\/wp\/v2\/product_tag?post=9656"}],"curies":[{"name":"wp","href":"https:\/\/api.w.org\/{rel}","templated":true}]}}