{"id":10287,"date":"2026-04-10T17:30:20","date_gmt":"2026-04-10T09:30:20","guid":{"rendered":"https:\/\/www.lasetatights.com\/?post_type=product&#038;p=10287"},"modified":"2026-04-15T09:36:02","modified_gmt":"2026-04-15T01:36:02","slug":"10d-oil-aurora-tights","status":"publish","type":"product","link":"https:\/\/www.lasetatights.com\/fr\/product\/10d-oil-aurora-tights\/","title":{"rendered":"Collants Aurora huile 10D"},"content":{"rendered":"","protected":false},"excerpt":{"rendered":"<p>C\u2019est le \u00ab liquid highlighter \u00bb pour vos jambes. En utilisant des fibres sp\u00e9ciales \u00e0 haute \u00e9lasticit\u00e9 et brillantes, il cr\u00e9e une texture m\u00e9tallique fluide et un \u00e9clat en cuir rappelant l'aurore, am\u00e9liorant instantan\u00e9ment le contour tridimensionnel de vos jambes.<\/p>","protected":false},"featured_media":10292,"comment_status":"closed","ping_status":"closed","template":"","meta":[],"product_brand":[],"product_cat":[15,30,38],"product_tag":[],"class_list":{"0":"post-10287","1":"product","2":"type-product","3":"status-publish","4":"has-post-thumbnail","6":"product_cat-pantyhose","7":"product_cat-5-20denier-pantyhose","8":"product_cat-glossy-tights","10":"first","11":"instock","12":"shipping-taxable","13":"purchasable","14":"product-type-variable"},"_links":{"self":[{"href":"https:\/\/www.lasetatights.com\/fr\/wp-json\/wp\/v2\/product\/10287","targetHints":{"allow":["GET"]}}],"collection":[{"href":"https:\/\/www.lasetatights.com\/fr\/wp-json\/wp\/v2\/product"}],"about":[{"href":"https:\/\/www.lasetatights.com\/fr\/wp-json\/wp\/v2\/types\/product"}],"replies":[{"embeddable":true,"href":"https:\/\/www.lasetatights.com\/fr\/wp-json\/wp\/v2\/comments?post=10287"}],"wp:featuredmedia":[{"embeddable":true,"href":"https:\/\/www.lasetatights.com\/fr\/wp-json\/wp\/v2\/media\/10292"}],"wp:attachment":[{"href":"https:\/\/www.lasetatights.com\/fr\/wp-json\/wp\/v2\/media?parent=10287"}],"wp:term":[{"taxonomy":"product_brand","embeddable":true,"href":"https:\/\/www.lasetatights.com\/fr\/wp-json\/wp\/v2\/product_brand?post=10287"},{"taxonomy":"product_cat","embeddable":true,"href":"https:\/\/www.lasetatights.com\/fr\/wp-json\/wp\/v2\/product_cat?post=10287"},{"taxonomy":"product_tag","embeddable":true,"href":"https:\/\/www.lasetatights.com\/fr\/wp-json\/wp\/v2\/product_tag?post=10287"}],"curies":[{"name":"wp","href":"https:\/\/api.w.org\/{rel}","templated":true}]}}