{"id":10215,"date":"2026-04-07T17:13:57","date_gmt":"2026-04-07T09:13:57","guid":{"rendered":"https:\/\/www.lasetatights.com\/?post_type=product&#038;p=10215"},"modified":"2026-04-15T09:38:10","modified_gmt":"2026-04-15T01:38:10","slug":"70d-plus-size-velvet-tights","status":"publish","type":"product","link":"https:\/\/www.lasetatights.com\/fr\/product\/70d-plus-size-velvet-tights\/","title":{"rendered":"Collant velours taille plus grande 70D"},"content":{"rendered":"","protected":false},"excerpt":{"rendered":"<p>Ces collants en velours 70D sont con\u00e7us sp\u00e9cifiquement pour les figures courbes, \u00e9liminant l'inconfort de l'\u00e9tanch\u00e9it\u00e9 et de l'affaissement. Si vous&#8217; Re-commuter au travail ou les coucher pour l'hiver, ils&#8217; un must-have dans votre garde-robe qui allie chaleur et \u00e9l\u00e9gance.<\/p>","protected":false},"featured_media":10221,"comment_status":"closed","ping_status":"closed","template":"","meta":[],"product_brand":[],"product_cat":[15,32],"product_tag":[],"class_list":{"0":"post-10215","1":"product","2":"type-product","3":"status-publish","4":"has-post-thumbnail","6":"product_cat-pantyhose","7":"product_cat-semi-opaque-tights","9":"first","10":"instock","11":"shipping-taxable","12":"purchasable","13":"product-type-variable"},"_links":{"self":[{"href":"https:\/\/www.lasetatights.com\/fr\/wp-json\/wp\/v2\/product\/10215","targetHints":{"allow":["GET"]}}],"collection":[{"href":"https:\/\/www.lasetatights.com\/fr\/wp-json\/wp\/v2\/product"}],"about":[{"href":"https:\/\/www.lasetatights.com\/fr\/wp-json\/wp\/v2\/types\/product"}],"replies":[{"embeddable":true,"href":"https:\/\/www.lasetatights.com\/fr\/wp-json\/wp\/v2\/comments?post=10215"}],"wp:featuredmedia":[{"embeddable":true,"href":"https:\/\/www.lasetatights.com\/fr\/wp-json\/wp\/v2\/media\/10221"}],"wp:attachment":[{"href":"https:\/\/www.lasetatights.com\/fr\/wp-json\/wp\/v2\/media?parent=10215"}],"wp:term":[{"taxonomy":"product_brand","embeddable":true,"href":"https:\/\/www.lasetatights.com\/fr\/wp-json\/wp\/v2\/product_brand?post=10215"},{"taxonomy":"product_cat","embeddable":true,"href":"https:\/\/www.lasetatights.com\/fr\/wp-json\/wp\/v2\/product_cat?post=10215"},{"taxonomy":"product_tag","embeddable":true,"href":"https:\/\/www.lasetatights.com\/fr\/wp-json\/wp\/v2\/product_tag?post=10215"}],"curies":[{"name":"wp","href":"https:\/\/api.w.org\/{rel}","templated":true}]}}