{"id":10201,"date":"2026-04-07T15:42:24","date_gmt":"2026-04-07T07:42:24","guid":{"rendered":"https:\/\/www.lasetatights.com\/?post_type=product&#038;p=10201"},"modified":"2026-04-16T16:39:07","modified_gmt":"2026-04-16T08:39:07","slug":"120d-velvet-shaping-tights","status":"publish","type":"product","link":"https:\/\/www.lasetatights.com\/fr\/product\/120d-velvet-shaping-tights\/","title":{"rendered":"Collants en forme de velours 120D"},"content":{"rendered":"","protected":false},"excerpt":{"rendered":"<p>Pour une flexibilit\u00e9 maximale et une mall\u00e9abilit\u00e9 exceptionnelle, LASETA utilise un m\u00e9lange premium de polyamide et d'spandex pour faire des femmes&#8217; collants \u00e0 collants. Donc, ils accueillent un gros cul et un ventre sans cr\u00e9er d'\u00e9tranges espaces sous votre entrepierre.<\/p>","protected":false},"featured_media":10202,"comment_status":"closed","ping_status":"closed","template":"","meta":[],"product_brand":[],"product_cat":[36,86,33],"product_tag":[],"class_list":{"0":"post-10201","1":"product","2":"type-product","3":"status-publish","4":"has-post-thumbnail","6":"product_cat-control-top-tights","7":"product_cat-matt-tights","8":"product_cat-opaque-tights","10":"first","11":"instock","12":"shipping-taxable","13":"purchasable","14":"product-type-variable"},"_links":{"self":[{"href":"https:\/\/www.lasetatights.com\/fr\/wp-json\/wp\/v2\/product\/10201","targetHints":{"allow":["GET"]}}],"collection":[{"href":"https:\/\/www.lasetatights.com\/fr\/wp-json\/wp\/v2\/product"}],"about":[{"href":"https:\/\/www.lasetatights.com\/fr\/wp-json\/wp\/v2\/types\/product"}],"replies":[{"embeddable":true,"href":"https:\/\/www.lasetatights.com\/fr\/wp-json\/wp\/v2\/comments?post=10201"}],"wp:featuredmedia":[{"embeddable":true,"href":"https:\/\/www.lasetatights.com\/fr\/wp-json\/wp\/v2\/media\/10202"}],"wp:attachment":[{"href":"https:\/\/www.lasetatights.com\/fr\/wp-json\/wp\/v2\/media?parent=10201"}],"wp:term":[{"taxonomy":"product_brand","embeddable":true,"href":"https:\/\/www.lasetatights.com\/fr\/wp-json\/wp\/v2\/product_brand?post=10201"},{"taxonomy":"product_cat","embeddable":true,"href":"https:\/\/www.lasetatights.com\/fr\/wp-json\/wp\/v2\/product_cat?post=10201"},{"taxonomy":"product_tag","embeddable":true,"href":"https:\/\/www.lasetatights.com\/fr\/wp-json\/wp\/v2\/product_tag?post=10201"}],"curies":[{"name":"wp","href":"https:\/\/api.w.org\/{rel}","templated":true}]}}