{"id":10159,"date":"2026-04-01T15:04:47","date_gmt":"2026-04-01T07:04:47","guid":{"rendered":"https:\/\/www.lasetatights.com\/?post_type=product&#038;p=10159"},"modified":"2026-04-15T09:40:59","modified_gmt":"2026-04-15T01:40:59","slug":"20d-plus-size-sheer-tights","status":"publish","type":"product","link":"https:\/\/www.lasetatights.com\/fr\/product\/20d-plus-size-sheer-tights\/","title":{"rendered":"Collants Sheer 20D Plus Size"},"content":{"rendered":"","protected":false},"excerpt":{"rendered":"<p>Con\u00e7us sp\u00e9cifiquement pour les courbes des femmes de taille plus grande, ces collants r\u00e9pondent aux probl\u00e8mes communs des collants standard, tels que l'affaissement, les ceintures serr\u00e9es et le d\u00e9chirage facile.<\/p>","protected":false},"featured_media":10162,"comment_status":"closed","ping_status":"closed","template":"","meta":[],"product_brand":[],"product_cat":[15,30,37],"product_tag":[],"class_list":{"0":"post-10159","1":"product","2":"type-product","3":"status-publish","4":"has-post-thumbnail","6":"product_cat-pantyhose","7":"product_cat-5-20denier-pantyhose","8":"product_cat-plus-size-tights","10":"first","11":"instock","12":"shipping-taxable","13":"purchasable","14":"product-type-variable"},"_links":{"self":[{"href":"https:\/\/www.lasetatights.com\/fr\/wp-json\/wp\/v2\/product\/10159","targetHints":{"allow":["GET"]}}],"collection":[{"href":"https:\/\/www.lasetatights.com\/fr\/wp-json\/wp\/v2\/product"}],"about":[{"href":"https:\/\/www.lasetatights.com\/fr\/wp-json\/wp\/v2\/types\/product"}],"replies":[{"embeddable":true,"href":"https:\/\/www.lasetatights.com\/fr\/wp-json\/wp\/v2\/comments?post=10159"}],"wp:featuredmedia":[{"embeddable":true,"href":"https:\/\/www.lasetatights.com\/fr\/wp-json\/wp\/v2\/media\/10162"}],"wp:attachment":[{"href":"https:\/\/www.lasetatights.com\/fr\/wp-json\/wp\/v2\/media?parent=10159"}],"wp:term":[{"taxonomy":"product_brand","embeddable":true,"href":"https:\/\/www.lasetatights.com\/fr\/wp-json\/wp\/v2\/product_brand?post=10159"},{"taxonomy":"product_cat","embeddable":true,"href":"https:\/\/www.lasetatights.com\/fr\/wp-json\/wp\/v2\/product_cat?post=10159"},{"taxonomy":"product_tag","embeddable":true,"href":"https:\/\/www.lasetatights.com\/fr\/wp-json\/wp\/v2\/product_tag?post=10159"}],"curies":[{"name":"wp","href":"https:\/\/api.w.org\/{rel}","templated":true}]}}