{"id":10133,"date":"2026-03-25T17:22:34","date_gmt":"2026-03-25T09:22:34","guid":{"rendered":"https:\/\/www.lasetatights.com\/?post_type=product&#038;p=10133"},"modified":"2026-04-16T10:12:03","modified_gmt":"2026-04-16T02:12:03","slug":"oil-glossy-15d-ultra-sheer-pantyhose-liquid-shine-wet-look-finish","status":"publish","type":"product","link":"https:\/\/www.lasetatights.com\/fr\/product\/oil-glossy-15d-ultra-sheer-pantyhose-liquid-shine-wet-look-finish\/","title":{"rendered":"Collant ultra-transparent 15D brillant \u00e0 l'huile &#8211; Brillance liquide &#038; finition look humide"},"content":{"rendered":"","protected":false},"excerpt":{"rendered":"<p>Il a un lustre sp\u00e9cial, refl\u00e9tant une lueur d\u00e9licate et sensuelle sous la lumi\u00e8re, qui pr\u00e9sente un effet visuel plus haut de gamme et attrayant. Il convient \u00e0 diverses occasions telles que les dates, les f\u00eates, les s\u00e9ances de mode, les spectacles sur sc\u00e8ne et ainsi de suite.<\/p>","protected":false},"featured_media":10135,"comment_status":"closed","ping_status":"closed","template":"","meta":[],"product_brand":[],"product_cat":[38,41,49],"product_tag":[],"class_list":{"0":"post-10133","1":"product","2":"type-product","3":"status-publish","4":"has-post-thumbnail","6":"product_cat-glossy-tights","7":"product_cat-ladder-resist-tights","8":"product_cat-party-tights","10":"first","11":"instock","12":"shipping-taxable","13":"purchasable","14":"product-type-variable"},"_links":{"self":[{"href":"https:\/\/www.lasetatights.com\/fr\/wp-json\/wp\/v2\/product\/10133","targetHints":{"allow":["GET"]}}],"collection":[{"href":"https:\/\/www.lasetatights.com\/fr\/wp-json\/wp\/v2\/product"}],"about":[{"href":"https:\/\/www.lasetatights.com\/fr\/wp-json\/wp\/v2\/types\/product"}],"replies":[{"embeddable":true,"href":"https:\/\/www.lasetatights.com\/fr\/wp-json\/wp\/v2\/comments?post=10133"}],"wp:featuredmedia":[{"embeddable":true,"href":"https:\/\/www.lasetatights.com\/fr\/wp-json\/wp\/v2\/media\/10135"}],"wp:attachment":[{"href":"https:\/\/www.lasetatights.com\/fr\/wp-json\/wp\/v2\/media?parent=10133"}],"wp:term":[{"taxonomy":"product_brand","embeddable":true,"href":"https:\/\/www.lasetatights.com\/fr\/wp-json\/wp\/v2\/product_brand?post=10133"},{"taxonomy":"product_cat","embeddable":true,"href":"https:\/\/www.lasetatights.com\/fr\/wp-json\/wp\/v2\/product_cat?post=10133"},{"taxonomy":"product_tag","embeddable":true,"href":"https:\/\/www.lasetatights.com\/fr\/wp-json\/wp\/v2\/product_tag?post=10133"}],"curies":[{"name":"wp","href":"https:\/\/api.w.org\/{rel}","templated":true}]}}