{"id":10306,"date":"2026-04-13T11:34:19","date_gmt":"2026-04-13T03:34:19","guid":{"rendered":"https:\/\/www.lasetatights.com\/?post_type=product&#038;p=10306"},"modified":"2026-04-15T09:35:06","modified_gmt":"2026-04-15T01:35:06","slug":"20d-polka-dot-lace-stay-ups","status":"publish","type":"product","link":"https:\/\/www.lasetatights.com\/es\/product\/20d-polka-dot-lace-stay-ups\/","title":{"rendered":"20D Polka Dot encaje estancia Ups"},"content":{"rendered":"","protected":false},"excerpt":{"rendered":"<p>Estas medias ultra transparentes de altura de muslo 20D cuentan con un patr\u00f3n cl\u00e1sico de puntos que halaga las piernas, combinado con un exquisito adorno de encaje de pesta\u00f1as de ancho ancho, logrando el equilibrio perfecto entre el encanto vintage y la sensualidad moderna. Con bandas de silicona antideslizantes incorporadas, puedes despedirte de la incomodidad de tener que levantarlas constantemente, manteniendo la composura y la elegancia todo el d\u00eda.<\/p>","protected":false},"featured_media":10307,"comment_status":"closed","ping_status":"closed","template":"","meta":[],"product_brand":[],"product_cat":[50,51,21],"product_tag":[],"class_list":{"0":"post-10306","1":"product","2":"type-product","3":"status-publish","4":"has-post-thumbnail","6":"product_cat-lace-top-stay-ups","7":"product_cat-sheer-stay-ups","8":"product_cat-stay-ups","10":"first","11":"instock","12":"shipping-taxable","13":"purchasable","14":"product-type-variable"},"_links":{"self":[{"href":"https:\/\/www.lasetatights.com\/es\/wp-json\/wp\/v2\/product\/10306","targetHints":{"allow":["GET"]}}],"collection":[{"href":"https:\/\/www.lasetatights.com\/es\/wp-json\/wp\/v2\/product"}],"about":[{"href":"https:\/\/www.lasetatights.com\/es\/wp-json\/wp\/v2\/types\/product"}],"replies":[{"embeddable":true,"href":"https:\/\/www.lasetatights.com\/es\/wp-json\/wp\/v2\/comments?post=10306"}],"wp:featuredmedia":[{"embeddable":true,"href":"https:\/\/www.lasetatights.com\/es\/wp-json\/wp\/v2\/media\/10307"}],"wp:attachment":[{"href":"https:\/\/www.lasetatights.com\/es\/wp-json\/wp\/v2\/media?parent=10306"}],"wp:term":[{"taxonomy":"product_brand","embeddable":true,"href":"https:\/\/www.lasetatights.com\/es\/wp-json\/wp\/v2\/product_brand?post=10306"},{"taxonomy":"product_cat","embeddable":true,"href":"https:\/\/www.lasetatights.com\/es\/wp-json\/wp\/v2\/product_cat?post=10306"},{"taxonomy":"product_tag","embeddable":true,"href":"https:\/\/www.lasetatights.com\/es\/wp-json\/wp\/v2\/product_tag?post=10306"}],"curies":[{"name":"wp","href":"https:\/\/api.w.org\/{rel}","templated":true}]}}