{"id":10298,"date":"2026-04-13T11:42:07","date_gmt":"2026-04-13T03:42:07","guid":{"rendered":"https:\/\/www.lasetatights.com\/?post_type=product&#038;p=10298"},"modified":"2026-04-15T09:34:40","modified_gmt":"2026-04-15T01:34:40","slug":"faux-sling-jacquard-fishnet-stockings","status":"publish","type":"product","link":"https:\/\/www.lasetatights.com\/es\/product\/faux-sling-jacquard-fishnet-stockings\/","title":{"rendered":"False Sling Jacquard redes de pescado calcetines"},"content":{"rendered":"","protected":false},"excerpt":{"rendered":"<p>Esta es una medias de moldeo de alta eficiencia dise\u00f1ada para mujeres. Su dise\u00f1o integrado elimina la molestia de ponerse y coordinar las medias tradicionales, imprimiendo directamente elementos ic\u00f3nicos de estilos retro, punk, Y2K o oscuros en las piernas.<\/p>","protected":false},"featured_media":10300,"comment_status":"closed","ping_status":"closed","template":"","meta":[],"product_brand":[],"product_cat":[56,55,21],"product_tag":[],"class_list":{"0":"post-10298","1":"product","2":"type-product","3":"status-publish","4":"has-post-thumbnail","6":"product_cat-fishnet-stay-ups","7":"product_cat-sexy-stay-ups","8":"product_cat-stay-ups","10":"first","11":"instock","12":"shipping-taxable","13":"purchasable","14":"product-type-variable"},"_links":{"self":[{"href":"https:\/\/www.lasetatights.com\/es\/wp-json\/wp\/v2\/product\/10298","targetHints":{"allow":["GET"]}}],"collection":[{"href":"https:\/\/www.lasetatights.com\/es\/wp-json\/wp\/v2\/product"}],"about":[{"href":"https:\/\/www.lasetatights.com\/es\/wp-json\/wp\/v2\/types\/product"}],"replies":[{"embeddable":true,"href":"https:\/\/www.lasetatights.com\/es\/wp-json\/wp\/v2\/comments?post=10298"}],"wp:featuredmedia":[{"embeddable":true,"href":"https:\/\/www.lasetatights.com\/es\/wp-json\/wp\/v2\/media\/10300"}],"wp:attachment":[{"href":"https:\/\/www.lasetatights.com\/es\/wp-json\/wp\/v2\/media?parent=10298"}],"wp:term":[{"taxonomy":"product_brand","embeddable":true,"href":"https:\/\/www.lasetatights.com\/es\/wp-json\/wp\/v2\/product_brand?post=10298"},{"taxonomy":"product_cat","embeddable":true,"href":"https:\/\/www.lasetatights.com\/es\/wp-json\/wp\/v2\/product_cat?post=10298"},{"taxonomy":"product_tag","embeddable":true,"href":"https:\/\/www.lasetatights.com\/es\/wp-json\/wp\/v2\/product_tag?post=10298"}],"curies":[{"name":"wp","href":"https:\/\/api.w.org\/{rel}","templated":true}]}}